{"id":8427,"date":"2023-11-12T21:41:09","date_gmt":"2023-11-12T20:41:09","guid":{"rendered":"https:\/\/wordpress.ilmer-barg.de\/?page_id=8427"},"modified":"2025-09-07T08:09:53","modified_gmt":"2025-09-07T06:09:53","slug":"schulbuecherei","status":"publish","type":"page","link":"https:\/\/wordpress.ilmer-barg.de\/?page_id=8427","title":{"rendered":"Schulb\u00fccherei"},"content":{"rendered":"<div class=\"wpb-content-wrapper\"><p>[vc_row][vc_column][vc_empty_space][\/vc_column][\/vc_row][vc_row][vc_column width=&#8220;2\/3&#8243;][vc_column_text]Unsere Sch\u00fcler-B\u00fccherei im Hauptstandort Roydorf, gegen\u00fcber der Mensa, ist wieder ge\u00f6ffnet und bietet unseren Sch\u00fclern eine gro\u00dfartige Gelegenheit, ihre Leseleidenschaft zu f\u00f6rdern und eine breite Auswahl an B\u00fcchern zu entdecken. Die B\u00fccherei wurde in den Sommerferien 2023 vollst\u00e4ndig digitalisiert, um den Zugang und die Ausleihe f\u00fcr unsere Sch\u00fclerinnen und Sch\u00fcler zu erleichtern.[\/vc_column_text][vc_tta_accordion][vc_tta_section title=&#8220;Wo findet man die Sch\u00fclerb\u00fccherei in Roydorf?&#8220; tab_id=&#8220;1699823510180-00a0ab7f-6e7f&#8220;][vc_column_text]Unsere Sch\u00fcler-B\u00fccherei befindet sich im Hauptstandort Roydorf, gegen\u00fcber der Mensa.[\/vc_column_text][\/vc_tta_section][vc_tta_section title=&#8220;Wie kann man B\u00fccher ausleihen?&#8220; tab_id=&#8220;1699823510180-5c800c52-df58&#8243;][vc_column_text]Jedes Kind, das in diesem Jahr vom Schulfotografen fotografiert wurde, sollte bereits einen Sch\u00fcler-Ausweis mit QR-Code von seiner Klassenlehrkraft erhalten haben. Dieser Ausweis dient sowohl als Eintrittskarte als auch als Ausleihberechtigung f\u00fcr die Sch\u00fcler-B\u00fccherei. Die Aktivierung des Sch\u00fclerausweises erfolgt \u00fcber die Kinderverwaltung des IB-Managers. Dort findet man den entsprechenden Anmelde-Button, der einen zur Nutzungsordnung der Sch\u00fcler-B\u00fccherei f\u00fchrt. Durch die Zustimmung zu dieser Ordnung kann man sich f\u00fcr die Teilnahme anmelden.[\/vc_column_text][vc_single_image image=&#8220;8429&#8243; img_size=&#8220;medium&#8220; alignment=&#8220;center&#8220;][\/vc_tta_section][vc_tta_section title=&#8220;Kann auch ohne Sch\u00fclerausweis ausgeliehen werden?&#8220; tab_id=&#8220;1699824657532-e3639f47-8e2c&#8220;][vc_column_text]F\u00fcr den Fall, dass kein Sch\u00fclerausweis mit QR-Code vorliegt, ist auch eine Anmeldung ohne diesen Ausweis m\u00f6glich. Folgen Sie einfach den Anweisungen in der Nutzungsordnung.[\/vc_column_text][\/vc_tta_section][vc_tta_section title=&#8220;Wann hat die B\u00fccherei ge\u00f6ffnet?&#8220; tab_id=&#8220;1699823587487-41b5892d-7860&#8243;][vc_column_text css=&#8220;&#8220;]<\/p>\n<ul>\n<li><strong>Montags:<\/strong> Husna, Namake + Sophie (10c + 10b)<\/li>\n<li><strong>Dienstags:<\/strong> Lea, Franzi + Hieu (9a)<\/li>\n<li><strong>Mittwochs:<\/strong> Maty + Tamara (9a)<\/li>\n<li><strong>Donnerstags:<\/strong> Henry + Leon (9a)<\/li>\n<li><strong>Freitags:<\/strong> Meiko + Ilian (9a)<\/li>\n<\/ul>\n<p><strong>Jeweils in der 1. gro\u00dfen Pause !<\/strong>[\/vc_column_text][\/vc_tta_section][vc_tta_section title=&#8220;Wie viele B\u00fccher stehen zur Auswahl?&#8220; tab_id=&#8220;1699823595714-1c0574a8-3f48&#8243;][vc_column_text]Unsere B\u00fcchersammlung umfasst etwa 2000 B\u00fccher, die thematisch und vom Schwierigkeitsgrad her auf die Grundschule und bis zur 6. Klasse zugeschnitten sind. \u00c4ltere Jahrg\u00e4nge werden hier wahrscheinlich weniger geeignete Lekt\u00fcre finden.[\/vc_column_text][\/vc_tta_section][vc_tta_section title=&#8220;Kann man online schauen, welche B\u00fccher es gibt?&#8220; tab_id=&#8220;1699824023831-402758dd-dbcc&#8220;][vc_column_text css=&#8220;&#8220;]Ja, im <a href=\"https:\/\/opac.ilmer-barg.de\/\" target=\"_blank\" rel=\"noopener\">\u00f6ffentlichen Katalog zum St\u00f6bern<\/a>.[\/vc_column_text][\/vc_tta_section][vc_tta_section title=&#8220;Wie k\u00f6nnen Eltern die Ausleihe der Kinder im Blick behalten?&#8220; tab_id=&#8220;1699823691064-bf56b60b-3a39&#8243;][vc_column_text]Sobald der Ausweis Ihres Kindes f\u00fcr die B\u00fccherei freigeschaltet ist, haben Sie \u00fcber den IB-Manager Zugriff auf die Sektion &#8222;Sch\u00fcler-B\u00fccherei&#8220;. Dort k\u00f6nnen Sie einsehen, welche B\u00fccher Ihr Kind ausgeliehen hat und wie lange es sie behalten darf.<br \/>\nNeigt sich die Ausleihfrist (4 Wochen, ohne Ferien) dem Ende zu, erhalten Sie eine Erinnerungsmail zur Abgabe.[\/vc_column_text][\/vc_tta_section][\/vc_tta_accordion][\/vc_column][vc_column width=&#8220;1\/3&#8243;][vc_single_image image=&#8220;8431&#8243; img_size=&#8220;large&#8220; alignment=&#8220;center&#8220;][\/vc_column][\/vc_row][vc_row][vc_column][vc_separator][\/vc_column][\/vc_row][vc_row][vc_column][vc_gallery interval=&#8220;3&#8243; images=&#8220;8433,8434,8443,8436,8441,8445&#8243; img_size=&#8220;large&#8220;][\/vc_column][\/vc_row][vc_row][vc_column][vc_separator][\/vc_column][\/vc_row]<\/p>\n<\/div>","protected":false},"excerpt":{"rendered":"<p>[vc_row][vc_column][vc_empty_space][\/vc_column][\/vc_row][vc_row][vc_column width=&#8220;2\/3&#8243;][vc_column_text]Unsere Sch\u00fcler-B\u00fccherei im Hauptstandort Roydorf, gegen\u00fcber der Mensa, ist wieder ge\u00f6ffnet und bietet unseren Sch\u00fclern eine gro\u00dfartige Gelegenheit, ihre Leseleidenschaft zu f\u00f6rdern und eine breite Auswahl an B\u00fcchern zu entdecken. Die B\u00fccherei wurde in den Sommerferien 2023 vollst\u00e4ndig digitalisiert, um den Zugang und die Ausleihe f\u00fcr unsere Sch\u00fclerinnen und Sch\u00fcler zu erleichtern.[\/vc_column_text][vc_tta_accordion][vc_tta_section title=&#8220;Wo findet [&hellip;]<\/p>\n","protected":false},"author":6,"featured_media":0,"parent":0,"menu_order":0,"comment_status":"closed","ping_status":"closed","template":"","meta":{"footnotes":""},"class_list":["post-8427","page","type-page","status-publish","hentry"],"_links":{"self":[{"href":"https:\/\/wordpress.ilmer-barg.de\/index.php?rest_route=\/wp\/v2\/pages\/8427","targetHints":{"allow":["GET"]}}],"collection":[{"href":"https:\/\/wordpress.ilmer-barg.de\/index.php?rest_route=\/wp\/v2\/pages"}],"about":[{"href":"https:\/\/wordpress.ilmer-barg.de\/index.php?rest_route=\/wp\/v2\/types\/page"}],"author":[{"embeddable":true,"href":"https:\/\/wordpress.ilmer-barg.de\/index.php?rest_route=\/wp\/v2\/users\/6"}],"replies":[{"embeddable":true,"href":"https:\/\/wordpress.ilmer-barg.de\/index.php?rest_route=%2Fwp%2Fv2%2Fcomments&post=8427"}],"version-history":[{"count":21,"href":"https:\/\/wordpress.ilmer-barg.de\/index.php?rest_route=\/wp\/v2\/pages\/8427\/revisions"}],"predecessor-version":[{"id":9476,"href":"https:\/\/wordpress.ilmer-barg.de\/index.php?rest_route=\/wp\/v2\/pages\/8427\/revisions\/9476"}],"wp:attachment":[{"href":"https:\/\/wordpress.ilmer-barg.de\/index.php?rest_route=%2Fwp%2Fv2%2Fmedia&parent=8427"}],"curies":[{"name":"wp","href":"https:\/\/api.w.org\/{rel}","templated":true}]}}