{"id":7870,"date":"2023-02-15T18:46:31","date_gmt":"2023-02-15T17:46:31","guid":{"rendered":"https:\/\/wordpress.ilmer-barg.de\/?page_id=7870"},"modified":"2023-02-15T20:56:51","modified_gmt":"2023-02-15T19:56:51","slug":"draussenschule","status":"publish","type":"page","link":"https:\/\/wordpress.ilmer-barg.de\/?page_id=7870","title":{"rendered":"Drau\u00dfenschule"},"content":{"rendered":"<div class=\"wpb-content-wrapper\"><p>[vc_row full_width=&#8220;stretch_row&#8220; css=&#8220;.vc_custom_1548768070130{padding-top: 45px !important;padding-bottom: 40px !important;}&#8220;][vc_column width=&#8220;2\/3&#8243;][vc_column_text]<\/p>\n<div class=\"flex-1 overflow-hidden\">\n<div class=\"react-scroll-to-bottom--css-kguaj-79elbk h-full dark:bg-gray-800\">\n<div class=\"react-scroll-to-bottom--css-kguaj-1n7m0yu\">\n<div class=\"flex flex-col items-center text-sm dark:bg-gray-800\">\n<div class=\"w-full border-b border-black\/10 dark:border-gray-900\/50 text-gray-800 dark:text-gray-100 group bg-gray-50 dark:bg-[#444654]\">\n<div class=\"text-base gap-4 md:gap-6 m-auto md:max-w-2xl lg:max-w-2xl xl:max-w-3xl p-4 md:py-6 flex lg:px-0\">\n<div class=\"relative flex w-[calc(100%-50px)] flex-col gap-1 md:gap-3 lg:w-[calc(100%-115px)]\">\n<div class=\"flex flex-grow flex-col gap-3\">\n<div class=\"min-h-[20px] flex flex-col items-start gap-4 whitespace-pre-wrap\">\n<div class=\"markdown prose w-full break-words dark:prose-invert light\">\n<p>Die Grundschule am Ilmer Barg in Luhdorf und Roydorf hat als erste Grundschule im Landkreis Harburg ein neues und aufregendes p\u00e4dagogisches Konzept eingef\u00fchrt: die Drau\u00dfenschule. Bei diesem innovativen Ansatz findet der Unterricht einmal pro Woche f\u00fcr drei Schulstunden im Freien statt. Die Sch\u00fclerinnen und Sch\u00fcler entdecken gemeinsam unter der Leitung eines Umweltp\u00e4dagogen und in Begleitung einer Lehrkraft die Natur und lernen \u00f6kologische Zusammenh\u00e4nge kennen. Das Projekt startet im Februar 2023 mit dem Jahrgang 2 und ist Teil der Initiative zur F\u00f6rderung einer nachhaltigen und umweltbewussten Bildung.<\/p>\n<p>Die Drau\u00dfenschule bietet den Sch\u00fclerinnen und Sch\u00fclern eine einzigartige M\u00f6glichkeit, ihre Umwelt im Nahbereich der Schule zu erkunden und dabei wichtige Erfahrungen zu sammeln. Sie lernen, wie sie selbst zum Erhalt der biologischen Vielfalt beitragen k\u00f6nnen, indem sie verstehen, welche Rolle die Natur im \u00f6kologischen Gleichgewicht spielt. Durch das regelm\u00e4\u00dfige Drau\u00dfensein erkennen die Sch\u00fclerinnen und Sch\u00fcler \u00f6kologische Zusammenh\u00e4nge und erlangen Kenntnisse \u00fcber die biologische Vielfalt am realen Ort. Das Projekt soll den Sch\u00fclerinnen und Sch\u00fclern nicht nur neues Wissen vermitteln, sondern auch F\u00e4higkeiten und Einstellungen entwickeln, die ihnen in ihrem sp\u00e4teren Leben helfen, umweltbewusst und nachhaltig zu handeln.<\/p>\n<p>Ein wichtiger Aspekt des Projekts ist die Dokumentation der Erlebnisse und Beobachtungen der Sch\u00fclerinnen und Sch\u00fcler. Daf\u00fcr f\u00fchren sie ein Naturtagebuch, das fester Bestandteil des Unterrichts im Freien ist. Das Naturtagebuch dient nicht nur der Dokumentation, sondern auch als Instrument, um die Beobachtungen und Erlebnisse der Sch\u00fclerinnen und Sch\u00fcler zu reflektieren und auszuwerten. Die Naturtageb\u00fccher werden auch dazu genutzt, um Eltern und anderen Interessierten Einblick in das Projekt zu geben und um ihnen zu zeigen, wie wichtig und wertvoll eine solche Erfahrung f\u00fcr die Sch\u00fclerinnen und Sch\u00fcler ist.<\/p>\n<p>Die Sch\u00fclerinnen und Sch\u00fcler k\u00f6nnen in der Natur unterschiedliche Sinneseindr\u00fccke sammeln und Erfahrungen machen, die sie in geschlossenen R\u00e4umen nicht erleben k\u00f6nnen. Sie k\u00f6nnen beispielsweise den Wechsel der Jahreszeiten beobachten, Pflanzen und Tiere erkunden, Experimente im Freien durchf\u00fchren oder einfach nur spielen und sich bewegen.<\/p>\n<p>Wir sind davon \u00fcberzeugt, dass die Drau\u00dfenschule ein wichtiger p\u00e4dagogischer Ansatz ist, der den Sch\u00fclerinnen und Sch\u00fclern wichtige Erfahrungen erm\u00f6glicht und ihr Wohlbefinden und ihre Motivation im Unterricht steigern kann. Bei positiven Erfahrungen ist geplant, in den Folgejahren auch weitere Klassen unserer Schule daran teilnehmen zu lassen. Wir sind gespannt auf die ersten Erfahrungen und freuen uns darauf, die Sch\u00fclerinnen und Sch\u00fcler bei ihren Entdeckungen in der Natur zu begleiten und zu unterst\u00fctzen.<\/p>\n<\/div>\n<\/div>\n<\/div>\n<\/div>\n<\/div>\n<\/div>\n<\/div>\n<\/div>\n<\/div>\n<\/div>\n<p>[\/vc_column_text][vc_separator][\/vc_column][vc_column width=&#8220;1\/3&#8243;][stm_title title_tag=&#8220;h3&#8243; sep_enable=&#8220;true&#8220; title=&#8220;Unsere Unterst\u00fctzer&#8220;][\/stm_title][vc_single_image image=&#8220;7872&#8243; img_size=&#8220;large&#8220; alignment=&#8220;center&#8220; onclick=&#8220;custom_link&#8220; img_link_target=&#8220;_blank&#8220; link=&#8220;http:\/\/www.landschaftsabenteuer.de&#8220;][vc_column_text]Wir werden unterst\u00fctzt von Johannes Plotzki, der als Umweltp\u00e4dagoge f\u00fcr <strong><a href=\"http:\/\/www.landschaftsabenteuer.de\" target=\"_blank\" rel=\"noopener\">www.landschaftsabenteuer.de<\/a> <\/strong>t\u00e4tig ist.[\/vc_column_text][vc_separator][stm_title title_tag=&#8220;h3&#8243; sep_enable=&#8220;true&#8220; title=&#8220;Pressearchiv Drau\u00dfenschule&#8220;][\/stm_title][vc_btn title=&#8220;Wochenblatt 28.01.2023&#8243; style=&#8220;flat&#8220; shape=&#8220;square&#8220; color=&#8220;green&#8220; align=&#8220;center&#8220; button_block=&#8220;true&#8220; link=&#8220;url:https%3A%2F%2Fwordpress.ilmer-barg.de%2Fwp-content%2Fuploads%2F2023%2F02%2FArtikel-Draussenschule.png|target:_blank&#8220;][vc_separator][vc_single_image image=&#8220;7873&#8243; img_size=&#8220;large&#8220; alignment=&#8220;center&#8220;][vc_separator][\/vc_column][\/vc_row]<\/p>\n<\/div>","protected":false},"excerpt":{"rendered":"<p>[vc_row full_width=&#8220;stretch_row&#8220; css=&#8220;.vc_custom_1548768070130{padding-top: 45px !important;padding-bottom: 40px !important;}&#8220;][vc_column width=&#8220;2\/3&#8243;][vc_column_text] Die Grundschule am Ilmer Barg in Luhdorf und Roydorf hat als erste Grundschule im Landkreis Harburg ein neues und aufregendes p\u00e4dagogisches Konzept eingef\u00fchrt: die Drau\u00dfenschule. Bei diesem innovativen Ansatz findet der Unterricht einmal pro Woche f\u00fcr drei Schulstunden im Freien statt. Die Sch\u00fclerinnen und Sch\u00fcler entdecken gemeinsam [&hellip;]<\/p>\n","protected":false},"author":6,"featured_media":0,"parent":0,"menu_order":0,"comment_status":"closed","ping_status":"closed","template":"","meta":{"footnotes":""},"class_list":["post-7870","page","type-page","status-publish","hentry"],"_links":{"self":[{"href":"https:\/\/wordpress.ilmer-barg.de\/index.php?rest_route=\/wp\/v2\/pages\/7870","targetHints":{"allow":["GET"]}}],"collection":[{"href":"https:\/\/wordpress.ilmer-barg.de\/index.php?rest_route=\/wp\/v2\/pages"}],"about":[{"href":"https:\/\/wordpress.ilmer-barg.de\/index.php?rest_route=\/wp\/v2\/types\/page"}],"author":[{"embeddable":true,"href":"https:\/\/wordpress.ilmer-barg.de\/index.php?rest_route=\/wp\/v2\/users\/6"}],"replies":[{"embeddable":true,"href":"https:\/\/wordpress.ilmer-barg.de\/index.php?rest_route=%2Fwp%2Fv2%2Fcomments&post=7870"}],"version-history":[{"count":6,"href":"https:\/\/wordpress.ilmer-barg.de\/index.php?rest_route=\/wp\/v2\/pages\/7870\/revisions"}],"predecessor-version":[{"id":7880,"href":"https:\/\/wordpress.ilmer-barg.de\/index.php?rest_route=\/wp\/v2\/pages\/7870\/revisions\/7880"}],"wp:attachment":[{"href":"https:\/\/wordpress.ilmer-barg.de\/index.php?rest_route=%2Fwp%2Fv2%2Fmedia&parent=7870"}],"curies":[{"name":"wp","href":"https:\/\/api.w.org\/{rel}","templated":true}]}}