{"id":7210,"date":"2022-02-21T22:12:05","date_gmt":"2022-02-21T21:12:05","guid":{"rendered":"https:\/\/recursing-goldberg.89-163-214-15.plesk.page\/?page_id=7210"},"modified":"2022-03-20T20:21:13","modified_gmt":"2022-03-20T19:21:13","slug":"fsj-am-ilmer-barg","status":"publish","type":"page","link":"https:\/\/wordpress.ilmer-barg.de\/?page_id=7210","title":{"rendered":"FSJ am Ilmer Barg"},"content":{"rendered":"<div class=\"wpb-content-wrapper\"><p>[vc_row][vc_column][vc_empty_space][\/vc_column][\/vc_row][vc_row][vc_column width=&#8220;2\/3&#8243;][vc_column_text]Das FSJ ist eine tolle M\u00f6glichkeit berufliche Erfahrungen zu sammeln.\u00a0<span style=\"font-weight: 400;\">Besonders an einer Schule wie dem Ilmer Barg mit einer Bandbreite vom Schulkindergarten bis zur 10. Klasse, dem Ganztagsangebot, einer bunt gemischten Sch\u00fclerschaft aus 15 Nationen, gefl\u00fcchteten Kindern und der Kooperation mit der Schule am Boerns Soll gibt es vielf\u00e4ltige M\u00f6glichkeiten f\u00fcr Freiwillige sich einzubringen, zu orientieren und zu wachsen.<\/span><\/p>\n<p>Wir sind anerkannte Einsatzstelle f\u00fcr das FSJ-Sport und arbeiten mit dem Tr\u00e4ger ASC G\u00f6ttingen e.V. zusammen. Die Stellenbesetzung erfolgt \u00fcber 12 Monate bei vorgeschriebener w\u00f6chentlicher Arbeitszeit. Seit mehreren Jahren unterst\u00fctzen uns junge Menschen w\u00e4hrend ihres FSJs.<\/p>\n<p>Wenn wir dein Interesse geweckt haben, melde dich bei uns.[\/vc_column_text][vc_separator][vc_tta_accordion][vc_tta_section title=&#8220;Deine Aufgaben in der Schule&#8220; tab_id=&#8220;1647797815552-11142f98-a17f&#8220;][vc_column_text]Das FSJ erm\u00f6glicht vielf\u00e4ltige Einblicke in das Schulleben der Grund- und Oberschule, unter anderem mit folgenden m\u00f6glichen T\u00e4tigkeiten:<\/p>\n<ul>\n<li>Unterst\u00fctzung im Schulsportunterricht<\/li>\n<li>Betreuung bewegter Pausenangebote<\/li>\n<li>Begleitung des Schwimmunterrichtes<\/li>\n<li>Durchf\u00fchrung von (sportlichen) Angeboten im AG- und Projektbereich<\/li>\n<li>Organisation und Mitarbeit bei sportlichen Schulereignissen<\/li>\n<li>Begleitung von Klassenfahrten und Ausfl\u00fcgen<\/li>\n<li>Mithilfe in der Schulverwaltung<\/li>\n<li>Unterst\u00fctzung in den Bereichen bewegte Schule und gesunde Ern\u00e4hrung (Schulobst)<\/li>\n<\/ul>\n<p>[\/vc_column_text][\/vc_tta_section][vc_tta_section title=&#8220;Deine Aufgaben in Schule und P\u00e4dIn&#8220; tab_id=&#8220;1647797815553-5b5a3a16-ba87&#8243;][vc_column_text]Au\u00dferdem ist ein geteilter Einsatz mit der p\u00e4dagogischen Ganztags-betreuung\u00a0<a href=\"http:\/\/www.paedin.de\/\">P\u00e4dIn<\/a>\u00a0im Grundschulbereich m\u00f6glich. Die T\u00e4tigkeiten dort sind:<\/p>\n<ul>\n<li>Begleitung und Unterst\u00fctzung der Forder- und F\u00f6rderstunden<\/li>\n<li>Betreuung der Schulkinder w\u00e4hrend der Angebotszeit am Nachmittag<\/li>\n<li>Begleitung der Umsetzung von Angeboten sowie die Betreuung der Kinder w\u00e4hrend der Ferienaktionen.<\/li>\n<\/ul>\n<p>[\/vc_column_text][\/vc_tta_section][\/vc_tta_accordion][vc_separator][\/vc_column][vc_column width=&#8220;1\/3&#8243;][stm_title title_tag=&#8220;h3&#8243; sep_enable=&#8220;true&#8220; title=&#8220;Erfahrungen&#8220;][\/stm_title][vc_gallery interval=&#8220;5&#8243; images=&#8220;7294,7293,7292,7291&#8243; img_size=&#8220;large&#8220;][vc_separator][stm_title title_tag=&#8220;h3&#8243; sep_enable=&#8220;true&#8220; title=&#8220;Weitere Informationen&#8220;][\/stm_title][vc_column_text]<span style=\"font-weight: 400;\">Allgemein wird der Freiwilligendienst im Sport an Schulen in Niedersachsen \u00fcber den ASC G\u00f6ttingen organisiert.<\/span><span style=\"font-weight: 400;\">\u00a0Informationen zu allen Einsatzm\u00f6glichkeiten erh\u00e4lt man beim Bundesfreiwilligendienst.<\/span>[\/vc_column_text][vc_btn title=&#8220;Freiwilligendienst im Sport ASC G\u00f6ttingen&#8220; style=&#8220;classic&#8220; color=&#8220;success&#8220; align=&#8220;center&#8220; button_block=&#8220;true&#8220; link=&#8220;url:http%3A%2F%2Fwww.fwd-sport.de|target:_blank&#8220;][vc_btn title=&#8220;Bundesfreiwilligendienst&#8220; style=&#8220;classic&#8220; color=&#8220;success&#8220; align=&#8220;center&#8220; button_block=&#8220;true&#8220; link=&#8220;url:http%3A%2F%2Fwww.bundesfreiwilligendienst.de|target:_blank&#8220;][vc_separator][\/vc_column][\/vc_row]<\/p>\n<\/div>","protected":false},"excerpt":{"rendered":"<p>[vc_row][vc_column][vc_empty_space][\/vc_column][\/vc_row][vc_row][vc_column width=&#8220;2\/3&#8243;][vc_column_text]Das FSJ ist eine tolle M\u00f6glichkeit berufliche Erfahrungen zu sammeln.\u00a0Besonders an einer Schule wie dem Ilmer Barg mit einer Bandbreite vom Schulkindergarten bis zur 10. Klasse, dem Ganztagsangebot, einer bunt gemischten Sch\u00fclerschaft aus 15 Nationen, gefl\u00fcchteten Kindern und der Kooperation mit der Schule am Boerns Soll gibt es vielf\u00e4ltige M\u00f6glichkeiten f\u00fcr Freiwillige sich einzubringen, [&hellip;]<\/p>\n","protected":false},"author":6,"featured_media":0,"parent":0,"menu_order":0,"comment_status":"closed","ping_status":"closed","template":"","meta":{"footnotes":""},"class_list":["post-7210","page","type-page","status-publish","hentry"],"_links":{"self":[{"href":"https:\/\/wordpress.ilmer-barg.de\/index.php?rest_route=\/wp\/v2\/pages\/7210","targetHints":{"allow":["GET"]}}],"collection":[{"href":"https:\/\/wordpress.ilmer-barg.de\/index.php?rest_route=\/wp\/v2\/pages"}],"about":[{"href":"https:\/\/wordpress.ilmer-barg.de\/index.php?rest_route=\/wp\/v2\/types\/page"}],"author":[{"embeddable":true,"href":"https:\/\/wordpress.ilmer-barg.de\/index.php?rest_route=\/wp\/v2\/users\/6"}],"replies":[{"embeddable":true,"href":"https:\/\/wordpress.ilmer-barg.de\/index.php?rest_route=%2Fwp%2Fv2%2Fcomments&post=7210"}],"version-history":[{"count":19,"href":"https:\/\/wordpress.ilmer-barg.de\/index.php?rest_route=\/wp\/v2\/pages\/7210\/revisions"}],"predecessor-version":[{"id":7305,"href":"https:\/\/wordpress.ilmer-barg.de\/index.php?rest_route=\/wp\/v2\/pages\/7210\/revisions\/7305"}],"wp:attachment":[{"href":"https:\/\/wordpress.ilmer-barg.de\/index.php?rest_route=%2Fwp%2Fv2%2Fmedia&parent=7210"}],"curies":[{"name":"wp","href":"https:\/\/api.w.org\/{rel}","templated":true}]}}