{"id":5952,"date":"2020-10-25T18:08:09","date_gmt":"2020-10-25T17:08:09","guid":{"rendered":"https:\/\/wordpress.ilmer-barg.de\/?page_id=5952"},"modified":"2025-12-17T05:37:25","modified_gmt":"2025-12-17T04:37:25","slug":"kalenderprojekt-2021","status":"publish","type":"page","link":"https:\/\/wordpress.ilmer-barg.de\/?page_id=5952","title":{"rendered":"Kalenderprojekt 2026"},"content":{"rendered":"<div class=\"wpb-content-wrapper\"><p>[vc_row][vc_column][vc_empty_space][\/vc_column][\/vc_row][vc_row][vc_column width=&#8220;2\/3&#8243;][vc_column_text css=&#8220;&#8220;]Wir m\u00f6chten Ihnen heute ein besonderes Kunstprojekt unserer Schule vorstellen. Bereits zum siebten Mal haben die Kinder der Grundschule gemeinsam in den Klassen kleine kreative Kunstwerke f\u00fcr unseren Kalender gestaltet. In jeder Klasse wurde ein gro\u00dfer K\u00fcnstler\/eine gro\u00dfe K\u00fcnstlerin zum Anlass fantasievoller Auseinandersetzung genommen.<\/p>\n<p>Aus diesen Bildern ist nun ein liebevoll gestalteter <strong>Familienkalender<\/strong> f\u00fcr das Jahr 2026 geworden<\/p>\n<p>In dem praktischen Kalender f\u00fcr die ganze Familie k\u00f6nnen Termine f\u00fcr f\u00fcnf Personen eingetragen werden, die man dann auf einen Blick sehen kann. Au\u00dferdem sind alle nieders\u00e4chsischen Ferien- und Feiertage vermerkt.<\/p>\n<p>Sie k\u00f6nnen diesen wundersch\u00f6nen Kalender <strong>\u00fcber die Klasse bestellen<\/strong>. Wenn Sie einen Kalender bestellen m\u00f6chten, geben Sie Ihrem Kind <strong>6 Euro <\/strong>in einem beschrifteten Briefumschlag (Name des Kindes, Klasse) mit.<\/p>\n<p>F\u00fcr mehr Struktur im vollgepackten Familienalltag!<\/p>\n<p>Das Grundschulteam der Schule am Ilmer Barg[\/vc_column_text][\/vc_column][vc_column width=&#8220;1\/3&#8243;][vc_single_image image=&#8220;9574&#8243; img_size=&#8220;large&#8220; alignment=&#8220;center&#8220; css=&#8220;&#8220;][\/vc_column][\/vc_row][vc_row][vc_column][vc_separator][\/vc_column][\/vc_row][vc_row][vc_column width=&#8220;1\/2&#8243;][vc_single_image image=&#8220;9573&#8243; img_size=&#8220;medium&#8220; alignment=&#8220;center&#8220; css=&#8220;&#8220;][\/vc_column][vc_column width=&#8220;1\/2&#8243;][vc_single_image image=&#8220;9572&#8243; img_size=&#8220;medium&#8220; alignment=&#8220;center&#8220; css=&#8220;&#8220;][\/vc_column][\/vc_row][vc_row][vc_column][vc_separator][\/vc_column][\/vc_row]<\/p>\n<\/div>","protected":false},"excerpt":{"rendered":"<p>[vc_row][vc_column][vc_empty_space][\/vc_column][\/vc_row][vc_row][vc_column width=&#8220;2\/3&#8243;][vc_column_text css=&#8220;&#8220;]Wir m\u00f6chten Ihnen heute ein besonderes Kunstprojekt unserer Schule vorstellen. Bereits zum siebten Mal haben die Kinder der Grundschule gemeinsam in den Klassen kleine kreative Kunstwerke f\u00fcr unseren Kalender gestaltet. In jeder Klasse wurde ein gro\u00dfer K\u00fcnstler\/eine gro\u00dfe K\u00fcnstlerin zum Anlass fantasievoller Auseinandersetzung genommen. Aus diesen Bildern ist nun ein liebevoll gestalteter Familienkalender [&hellip;]<\/p>\n","protected":false},"author":6,"featured_media":0,"parent":0,"menu_order":0,"comment_status":"closed","ping_status":"closed","template":"","meta":{"footnotes":""},"class_list":["post-5952","page","type-page","status-publish","hentry"],"_links":{"self":[{"href":"https:\/\/wordpress.ilmer-barg.de\/index.php?rest_route=\/wp\/v2\/pages\/5952","targetHints":{"allow":["GET"]}}],"collection":[{"href":"https:\/\/wordpress.ilmer-barg.de\/index.php?rest_route=\/wp\/v2\/pages"}],"about":[{"href":"https:\/\/wordpress.ilmer-barg.de\/index.php?rest_route=\/wp\/v2\/types\/page"}],"author":[{"embeddable":true,"href":"https:\/\/wordpress.ilmer-barg.de\/index.php?rest_route=\/wp\/v2\/users\/6"}],"replies":[{"embeddable":true,"href":"https:\/\/wordpress.ilmer-barg.de\/index.php?rest_route=%2Fwp%2Fv2%2Fcomments&post=5952"}],"version-history":[{"count":21,"href":"https:\/\/wordpress.ilmer-barg.de\/index.php?rest_route=\/wp\/v2\/pages\/5952\/revisions"}],"predecessor-version":[{"id":9577,"href":"https:\/\/wordpress.ilmer-barg.de\/index.php?rest_route=\/wp\/v2\/pages\/5952\/revisions\/9577"}],"wp:attachment":[{"href":"https:\/\/wordpress.ilmer-barg.de\/index.php?rest_route=%2Fwp%2Fv2%2Fmedia&parent=5952"}],"curies":[{"name":"wp","href":"https:\/\/api.w.org\/{rel}","templated":true}]}}