{"id":4299,"date":"2019-05-16T13:32:51","date_gmt":"2019-05-16T11:32:51","guid":{"rendered":"https:\/\/recursing-goldberg.89-163-214-15.plesk.page\/?page_id=4299"},"modified":"2026-01-18T23:06:30","modified_gmt":"2026-01-18T22:06:30","slug":"admissions-2-3-5","status":"publish","type":"page","link":"https:\/\/wordpress.ilmer-barg.de\/?page_id=4299","title":{"rendered":"Schulsozialarbeit Oberschule"},"content":{"rendered":"<div class=\"wpb-content-wrapper\"><p>[vc_row full_width=&#8220;stretch_row&#8220; css=&#8220;.vc_custom_1548768070130{padding-top: 45px !important;padding-bottom: 40px !important;}&#8220;][vc_column width=&#8220;2\/3&#8243;][vc_row_inner][vc_column_inner][vc_column_text css=&#8220;&#8220;]Mein Name ist Claudia Fock und ich freue mich sehr, als Schulsozialp\u00e4dagogin Teil unserer Schulgemeinschaft zu sein. In meiner Arbeit stehe ich allen Sch\u00fclerinnen und Sch\u00fclern, Eltern sowie Lehrkr\u00e4ften als Ansprechpartnerin zur Verf\u00fcgung, wenn es um Unterst\u00fctzung im schulischen Alltag, pers\u00f6nliche Herausforderungen oder soziale Fragestellungen geht.[\/vc_column_text][\/vc_column_inner][\/vc_row_inner][stm_title title_tag=&#8220;h3&#8243; sep_enable=&#8220;true&#8220; title=&#8220;Meine Aufgabenbereiche&#8220;][\/stm_title][vc_column_text css=&#8220;&#8220;]Als Schulsozialp\u00e4dagogin begleite und unterst\u00fctze ich Sch\u00fclerinnen und Sch\u00fcler u.a. bei:<\/p>\n<ul>\n<li>pers\u00f6nlichen oder famili\u00e4ren Schwierigkeiten<\/li>\n<li>Konflikten im schulischen Umfeld<\/li>\n<li>Fragen zur Lern- und Alltagsorganisation<\/li>\n<li>der Entwicklung sozialer Kompetenzen<\/li>\n<li>der L\u00f6sung von Problemen im Klassenverband<\/li>\n<\/ul>\n<p>Dar\u00fcber hinaus biete ich Beratungen f\u00fcr Eltern an und arbeite eng und vertrauensvoll mit dem Kollegium zusammen, um gemeinsam gute Rahmenbedingungen f\u00fcr alle Kinder und Jugendlichen zu schaffen. Projekte, Pr\u00e4ventionsangebote und Gruppenarbeiten\/Soziale Lernstunden geh\u00f6ren ebenfalls zu meinem Aufgabenbereich.[\/vc_column_text][vc_separator css=&#8220;&#8220;][stm_title title_tag=&#8220;h3&#8243; sep_enable=&#8220;true&#8220; title=&#8220;Grundsatz der Vertraulichkeit&#8220;][\/stm_title][vc_column_text css=&#8220;&#8220;]Ein besonders wichtiger Aspekt meiner Arbeit ist die Vertraulichkeit.<\/p>\n<p>Alle Gespr\u00e4che werden vertraulich behandelt. Das bedeutet: Inhalte werden nur dann an Lehrerinnen, Lehrer oder andere Stellen weitergegeben, wenn dies ausdr\u00fccklich gew\u00fcnscht wird oder wenn eine Gef\u00e4hrdung vorliegt und Schutz zum Wohle des Kindes notwendig ist. Ziel ist immer, gemeinsam L\u00f6sungen zu finden und Sch\u00fclerinnen und Sch\u00fcler in ihrer individuellen Entwicklung zu st\u00e4rken.[\/vc_column_text][vc_separator css=&#8220;&#8220;][\/vc_column][vc_column width=&#8220;1\/3&#8243;][vc_single_image image=&#8220;9622&#8243; img_size=&#8220;large&#8220; onclick=&#8220;link_image&#8220; css=&#8220;&#8220;][stm_title title_tag=&#8220;h2&#8243; title=&#8220;Claudia Fock&#8220;][\/stm_title][vc_column_text css=&#8220;&#8220;]<strong>Schulsozialp\u00e4dagogin<br \/>\n<\/strong>[\/vc_column_text][stm_teacher_contact_details teacher_email=&#8220;frau.fock@gobs-winsen.de&#8220; teacher_tel=&#8220;04171\/7694016&#8243;][vc_separator][stm_teacher_contact_details][vc_column_text css=&#8220;&#8220;]Ich bin von Montag -Freitag in der Schule erreichbar.<\/p>\n<p>Mein B\u00fcro ist in Raum 061 (im Durchgang zum Neubau).<\/p>\n<p>Wenn Sie als Eltern Kontakt mit mir aufnehmen m\u00f6chten, dann k\u00f6nnen Sie mich per Mail oder telefonisch erreichen.[\/vc_column_text][\/vc_column][\/vc_row]<\/p>\n<\/div>","protected":false},"excerpt":{"rendered":"<p>[vc_row full_width=&#8220;stretch_row&#8220; css=&#8220;.vc_custom_1548768070130{padding-top: 45px !important;padding-bottom: 40px !important;}&#8220;][vc_column width=&#8220;2\/3&#8243;][vc_row_inner][vc_column_inner][vc_column_text css=&#8220;&#8220;]Mein Name ist Claudia Fock und ich freue mich sehr, als Schulsozialp\u00e4dagogin Teil unserer Schulgemeinschaft zu sein. In meiner Arbeit stehe ich allen Sch\u00fclerinnen und Sch\u00fclern, Eltern sowie Lehrkr\u00e4ften als Ansprechpartnerin zur Verf\u00fcgung, wenn es um Unterst\u00fctzung im schulischen Alltag, pers\u00f6nliche Herausforderungen oder soziale Fragestellungen geht.[\/vc_column_text][\/vc_column_inner][\/vc_row_inner][stm_title title_tag=&#8220;h3&#8243; [&hellip;]<\/p>\n","protected":false},"author":5,"featured_media":0,"parent":0,"menu_order":0,"comment_status":"closed","ping_status":"closed","template":"","meta":{"footnotes":""},"class_list":["post-4299","page","type-page","status-publish","hentry"],"_links":{"self":[{"href":"https:\/\/wordpress.ilmer-barg.de\/index.php?rest_route=\/wp\/v2\/pages\/4299","targetHints":{"allow":["GET"]}}],"collection":[{"href":"https:\/\/wordpress.ilmer-barg.de\/index.php?rest_route=\/wp\/v2\/pages"}],"about":[{"href":"https:\/\/wordpress.ilmer-barg.de\/index.php?rest_route=\/wp\/v2\/types\/page"}],"author":[{"embeddable":true,"href":"https:\/\/wordpress.ilmer-barg.de\/index.php?rest_route=\/wp\/v2\/users\/5"}],"replies":[{"embeddable":true,"href":"https:\/\/wordpress.ilmer-barg.de\/index.php?rest_route=%2Fwp%2Fv2%2Fcomments&post=4299"}],"version-history":[{"count":31,"href":"https:\/\/wordpress.ilmer-barg.de\/index.php?rest_route=\/wp\/v2\/pages\/4299\/revisions"}],"predecessor-version":[{"id":9630,"href":"https:\/\/wordpress.ilmer-barg.de\/index.php?rest_route=\/wp\/v2\/pages\/4299\/revisions\/9630"}],"wp:attachment":[{"href":"https:\/\/wordpress.ilmer-barg.de\/index.php?rest_route=%2Fwp%2Fv2%2Fmedia&parent=4299"}],"curies":[{"name":"wp","href":"https:\/\/api.w.org\/{rel}","templated":true}]}}