{"id":4195,"date":"2019-05-16T10:17:32","date_gmt":"2019-05-16T08:17:32","guid":{"rendered":"https:\/\/wordpress.ilmer-barg.de\/?page_id=4195"},"modified":"2024-01-15T19:34:54","modified_gmt":"2024-01-15T18:34:54","slug":"admissions-3-5","status":"publish","type":"page","link":"https:\/\/wordpress.ilmer-barg.de\/?page_id=4195","title":{"rendered":"Betreuung und Ganztag"},"content":{"rendered":"<div class=\"wpb-content-wrapper\"><p>[vc_row css=&#8220;.vc_custom_1557995003195{padding-top: 45px !important;padding-bottom: 40px !important;}&#8220;][vc_column width=&#8220;2\/3&#8243;][stm_title title_tag=&#8220;h2&#8243; sep_enable=&#8220;true&#8220; title=&#8220;Unsere Formate&#8220;][\/stm_title][vc_column_text]In der Grundschule bieten wir nach dem Unterricht die Weiterbetreuung Ihrer Kinder in zwei verschiedenen Formaten an. Ihr Kind kann bei Bedarf <strong>pro Wochentag <\/strong>entweder zur<strong> \u201eBetreuung\u201c <u>ODER<\/u> <\/strong>zum<strong> \u201eGanztag\u201c<\/strong> angemeldet werden.<\/p>\n<p>Unsere Formate in K\u00fcrze:<\/p>\n<p><strong>Betreuung<\/strong>: Kostenlose Betreuung montags \u2013 freitags bis 12:55 Uhr f\u00fcr Kinder bis zur 2. Klasse<\/p>\n<p><strong>Ganztag<\/strong>: Kostenlose Betreuung montags \u2013 donnerstags bis 13:45 Uhr oder 15:25 Uhr mit kostenpflichtigem Mittagessen<\/p>\n<p><strong>Kinami<\/strong>: Kostenpflichtige Nachmittagsbetreuung freitags nach der Betreuung bis 15:25 Uhr[\/vc_column_text][vc_separator][\/vc_column][vc_column width=&#8220;1\/3&#8243;][stm_title title_tag=&#8220;h2&#8243; sep_enable=&#8220;true&#8220; title=&#8220;Ansprechpartnerinnen&#8220;][\/stm_title][vc_column_text]<strong>Betreuungsleitung<\/strong><br \/>\nRenate Meyn<br \/>\n<a href=\"mailto:frau.meyn@gobs-winsen.de\">frau.meyn@gobs-winsen.de<\/a>[\/vc_column_text][vc_column_text]<strong>Ganztagsleitung Roydorf<br \/>\n<\/strong>Charlotte Worreschk<br \/>\n<a href=\"tel:015141641121\">015141641121<\/a>\u00a0 (mobil)<br \/>\n<a href=\"mailto:frau.worreschk@gobs-winsen.de\">frau.worreschk@gobs-winsen.de<\/a><br \/>\nErreichbarkeit von 9 &#8211; 16 Uhr[\/vc_column_text][vc_column_text]<strong>Ganztagsleitung Luhdorf<\/strong><br \/>\nAlexandra Wiebe<br \/>\n<a href=\"tel:017643372875\">017643372875<\/a> (mobil)<br \/>\n<a href=\"tel:04171605535\">04171605535<\/a> (Festnetz)<br \/>\n<a href=\"mailto:a.wiebe@paedin.de\">a.wiebe@paedin.de<\/a><br \/>\nErreichbarkeit von 11 &#8211; 16 Uhr[\/vc_column_text][vc_separator][\/vc_column][\/vc_row][vc_row][vc_column width=&#8220;2\/3&#8243;][stm_title title_tag=&#8220;h2&#8243; sep_enable=&#8220;true&#8220; title=&#8220;Unsere Angebote&#8220;][\/stm_title][vc_tta_accordion gap=&#8220;5&#8243; active_section=&#8220;1&#8243; css=&#8220;.vc_custom_1676557106114{margin-bottom: 40px !important;}&#8220;][vc_tta_section title=&#8220;Betreuung &#8211; Mo-Fr von 11:55 Uhr bis 12:55 Uhr&#8220; tab_id=&#8220;1676554867601-33ea98be-1f22&#8243;][vc_column_text]F\u00fcr unseren SKG (Schulkindergarten), sowie die 1. und 2. Klassen bieten wir an allen Schultagen mit Ausnahme der Zeugnisausgabetage in der 5. Stunde (11.55 Uhr \u2013 12.55 Uhr) an beiden Schulstandorten eine <strong>kostenlose Betreuung<\/strong> <strong>ohne Mittagessen<\/strong> durch unsere p\u00e4dagogischen Mitarbeiterinnen an.<\/p>\n<p>In der Betreuung k\u00f6nnen die Kinder auf dem Schulhof spielen oder im Betreuungsraum malen, basteln, bauen oder spielen.<\/p>\n<p>Eine Anmeldung kann f\u00fcr einzelne Tage oder an allen Tagen von Montag bis Freitag erfolgen und l\u00e4uft\u00a0online \u00fcber den IB-Manager (siehe Button unter &#8222;Anmeldung&#8220;).[\/vc_column_text][\/vc_tta_section][vc_tta_section title=&#8220;Ganztag &#8211; Mo-Do nach dem Unterricht bis 15:25 Uhr&#8220; tab_id=&#8220;1676554867602-7d70ca1e-8fbc&#8220;][vc_column_text]Der Ganztag wird an beiden Schulstandorten von unserem engagierten Kooperationspartner P\u00e4dIn personell ausgestattet und p\u00e4dagogisch eigenverantwortlich gef\u00fchrt. Das p\u00e4dagogische Konzept wurde in Zusammenarbeit mit der Schule erstellt und wird kontinuierlich weiterentwickelt.<\/p>\n<p>Der Ganztag findet im Anschluss an den Unterricht bis 13:45 Uhr (\u201ekurzer Ganztag\u201c) bzw. bis 15:25 Uhr (\u201elanger Ganztag\u201c) statt. Nach dem Unterricht gibt es ein <strong>kostenpflichtiges Mittagessen<\/strong> f\u00fcr die Kinder, das durch Vitello Kochkultur bereitgestellt wird. Es folgt die Hausaufgabenbetreuung von 13:00 Uhr \u2013 13:45 Uhr. Anschlie\u00dfend k\u00f6nnen die Kinder im langen Ganztag auf den Schulh\u00f6fen und in den Ganztagsr\u00e4umen spielen oder an verschiedenen Angeboten f\u00fcr Kleingruppen teilnehmen. An festen Tagen steht zus\u00e4tzlich die Turnhalle zur Verf\u00fcgung. Bis auf das Mittagessen ist der Ganztag kostenlos.<\/p>\n<p>Eine Anmeldung kann f\u00fcr einzelne Tage oder an allen Tagen von Montag bis Donnerstag erfolgen. Bitte beachten Sie, dass\u00a0sowohl die Anmeldung zum Ganztag als auch die Anmeldung zum Mittagessen (Vitello Kochkultur)\u00a0online \u00fcber den IB-Manager l\u00e4uft (siehe Button unter &#8222;Anmeldung&#8220;).[\/vc_column_text][\/vc_tta_section][vc_tta_section title=&#8220;Kinami und Ferienbetreuung&#8220; tab_id=&#8220;1676555459593-52178c49-6965&#8243;][vc_column_text]Das Ganztagsangebot wird durch die Kinami (Kindernachmittagsbetreuung) erg\u00e4nzt, sodass auch <strong>freitags von 12.55 Uhr \u2013 15:25 Uhr<\/strong> eine Betreuung durch das P\u00e4dIn-Personal m\u00f6glich ist. Die Kinami ist kostenpflichtig und kommt an beiden Standorten ab sechs Anmeldungen zustande. Die Anmeldung l\u00e4uft direkt \u00fcber P\u00e4dIn, nicht \u00fcber die Schule.<\/p>\n<p>In den Oster-, Sommer- und Herbstferien bietet P\u00e4dIn au\u00dferdem in ausgew\u00e4hlten Wochen ab zehn Anmeldungen eine Ferienbetreuung in der Schule an. Die Anmeldung l\u00e4uft direkt \u00fcber P\u00e4dIn, nicht \u00fcber die Schule.<\/p>\n<p>Anmeldeformulare und weitere Infos finden Sie auf <a href=\"https:\/\/www.kinami.de\/\">https:\/\/www.kinami.de\/<\/a>[\/vc_column_text][\/vc_tta_section][\/vc_tta_accordion][vc_separator][\/vc_column][vc_column width=&#8220;1\/3&#8243;][stm_title title_tag=&#8220;h2&#8243; sep_enable=&#8220;true&#8220; title=&#8220;Infobrett&#8220;][\/stm_title][vc_column_text]Auf dem Infobrett sehen Sie Informationen und Bilder von unseren Aktivit\u00e4ten.[\/vc_column_text][vc_single_image image=&#8220;7973&#8243; img_size=&#8220;medium&#8220; alignment=&#8220;center&#8220; onclick=&#8220;custom_link&#8220; img_link_target=&#8220;_blank&#8220; link=&#8220;https:\/\/wordpress.ilmer-barg.de\/?page_id=7963&#8243;][vc_separator][stm_title title_tag=&#8220;h2&#8243; sep_enable=&#8220;true&#8220; title=&#8220;Anmeldung&#8220;][\/stm_title][vc_btn title=&#8220;Anmeldung \u00fcber IB-Manager&#8220; style=&#8220;classic&#8220; color=&#8220;success&#8220; align=&#8220;center&#8220; button_block=&#8220;true&#8220; link=&#8220;url:http%3A%2F%2Fibmanager.ilmer-barg.de|title:Anmeldung%20Betreuung%20%26%20Ganztag|target:_blank|rel:nofollow&#8220;][vc_btn title=&#8220;Elterninfo Vitello Kochkultur&#8220; style=&#8220;classic&#8220; color=&#8220;success&#8220; align=&#8220;center&#8220; button_block=&#8220;true&#8220; link=&#8220;url:https%3A%2F%2Fwordpress.ilmer-barg.de%2Fwp-content%2Fuploads%2F2020%2F04%2FVitello-Elterninformation.pdf||target:%20_blank|&#8220;][vc_btn title=&#8220;Weitere Informationen&#8220; style=&#8220;classic&#8220; color=&#8220;success&#8220; align=&#8220;center&#8220; button_block=&#8220;true&#8220; link=&#8220;url:https%3A%2F%2Fwordpress.ilmer-barg.de%2Fwp-content%2Fuploads%2F2022%2F05%2FInfo_Ganztag_Kinami_22.pdf|target:_blank&#8220;][vc_separator][stm_title][\/stm_title][\/vc_column][\/vc_row][vc_row][vc_column width=&#8220;2\/3&#8243;][stm_title title_tag=&#8220;h2&#8243; sep_enable=&#8220;true&#8220; title=&#8220;Schultagesablauf montags-donnerstags&#8220;][\/stm_title][vc_single_image image=&#8220;8582&#8243; img_size=&#8220;large&#8220; alignment=&#8220;center&#8220; onclick=&#8220;img_link_large&#8220;][vc_separator][stm_title title_tag=&#8220;h2&#8243; sep_enable=&#8220;true&#8220; title=&#8220;Schultagesablauf freitags&#8220;][\/stm_title][vc_single_image image=&#8220;7958&#8243; img_size=&#8220;large&#8220; alignment=&#8220;center&#8220; onclick=&#8220;img_link_large&#8220;][vc_separator][\/vc_column][vc_column width=&#8220;1\/3&#8243;][stm_title title_tag=&#8220;h2&#8243; sep_enable=&#8220;true&#8220; title=&#8220;Wieso \u201eBetreuung\u201c und \u201eGanztag\u201c?&#8220;][\/stm_title][vc_column_text]Dass es die zwei verschiedenen Organisationsformen der Beaufsichtigung, \u201eBetreuung\u201c und \u201eGanztag\u201c gibt, ist durch das Land Niedersachsen festgelegt.<\/p>\n<p>Durch die\u00a0<strong>Betreuung<\/strong> ist sichergestellt, dass auch f\u00fcr den Schulkindergarten und die Jahrg\u00e4nge 1+2, die nur vier Unterrichtsstunden am Tag haben, das Schulangebot mindestens f\u00fcnf Zeitstunden umfasst. Damit entsprechen wir dem durch das Kultusministerium festgelegten Standard der \u201everl\u00e4sslichen Grundschule\u201c, da die Kinder verl\u00e4sslich bis 12:55 Uhr betreut werden k\u00f6nnen.<\/p>\n<p>Unabh\u00e4ngig von dem Angebot \u201eBetreuung\u201c wird der Grundschulzweig als eine\u00a0<strong>offene Ganztagsschule<\/strong>\u00a0gef\u00fchrt, d.h. es gibt montags \u2013 donnerstags ein freiwilliges Betreuungsangebot \u201eGanztag\u201c. Laut Kultusministerkonferenz bietet die offene Ganztagsschule f\u00fcr alle Sch\u00fclerinnen und Sch\u00fcler an mindestens drei Nachmittagen der Woche eine kostenlose Betreuung inklusive eines (kostenpflichtigen) Mittagessens an. Die von der Landesschulbeh\u00f6rde f\u00fcr den Ganztag zur Verf\u00fcgung gestellten personellen Mittel in Form von Lehrerstunden flie\u00dfen in das Ganztagsangebot mit ein. Unsere Lehrkr\u00e4fte \u00fcbernehmen in der Zeit von 13.00 Uhr bis 13.45 Uhr die Hausaufgabenbetreuung und erteilen F\u00f6rderunterricht in Kleingruppen.[\/vc_column_text][vc_separator][\/vc_column][\/vc_row]<\/p>\n<\/div>","protected":false},"excerpt":{"rendered":"<p>[vc_row css=&#8220;.vc_custom_1557995003195{padding-top: 45px !important;padding-bottom: 40px !important;}&#8220;][vc_column width=&#8220;2\/3&#8243;][stm_title title_tag=&#8220;h2&#8243; sep_enable=&#8220;true&#8220; title=&#8220;Unsere Formate&#8220;][\/stm_title][vc_column_text]In der Grundschule bieten wir nach dem Unterricht die Weiterbetreuung Ihrer Kinder in zwei verschiedenen Formaten an. Ihr Kind kann bei Bedarf pro Wochentag entweder zur \u201eBetreuung\u201c ODER zum \u201eGanztag\u201c angemeldet werden. Unsere Formate in K\u00fcrze: Betreuung: Kostenlose Betreuung montags \u2013 freitags bis 12:55 Uhr [&hellip;]<\/p>\n","protected":false},"author":5,"featured_media":0,"parent":0,"menu_order":0,"comment_status":"closed","ping_status":"closed","template":"","meta":{"footnotes":""},"class_list":["post-4195","page","type-page","status-publish","hentry"],"_links":{"self":[{"href":"https:\/\/wordpress.ilmer-barg.de\/index.php?rest_route=\/wp\/v2\/pages\/4195","targetHints":{"allow":["GET"]}}],"collection":[{"href":"https:\/\/wordpress.ilmer-barg.de\/index.php?rest_route=\/wp\/v2\/pages"}],"about":[{"href":"https:\/\/wordpress.ilmer-barg.de\/index.php?rest_route=\/wp\/v2\/types\/page"}],"author":[{"embeddable":true,"href":"https:\/\/wordpress.ilmer-barg.de\/index.php?rest_route=\/wp\/v2\/users\/5"}],"replies":[{"embeddable":true,"href":"https:\/\/wordpress.ilmer-barg.de\/index.php?rest_route=%2Fwp%2Fv2%2Fcomments&post=4195"}],"version-history":[{"count":124,"href":"https:\/\/wordpress.ilmer-barg.de\/index.php?rest_route=\/wp\/v2\/pages\/4195\/revisions"}],"predecessor-version":[{"id":8583,"href":"https:\/\/wordpress.ilmer-barg.de\/index.php?rest_route=\/wp\/v2\/pages\/4195\/revisions\/8583"}],"wp:attachment":[{"href":"https:\/\/wordpress.ilmer-barg.de\/index.php?rest_route=%2Fwp%2Fv2%2Fmedia&parent=4195"}],"curies":[{"name":"wp","href":"https:\/\/api.w.org\/{rel}","templated":true}]}}