{"id":4185,"date":"2019-05-16T10:07:00","date_gmt":"2019-05-16T08:07:00","guid":{"rendered":"https:\/\/wordpress.ilmer-barg.de\/?page_id=4185"},"modified":"2020-01-24T20:30:11","modified_gmt":"2020-01-24T19:30:11","slug":"admissions-3-4-2","status":"publish","type":"page","link":"https:\/\/wordpress.ilmer-barg.de\/?page_id=4185","title":{"rendered":"Standort Luhdorf"},"content":{"rendered":"<div class=\"wpb-content-wrapper\"><p>[vc_row full_width=&#8220;stretch_row&#8220; css=&#8220;.vc_custom_1548768070130{padding-top: 45px !important;padding-bottom: 40px !important;}&#8220;][vc_column width=&#8220;2\/3&#8243;][vc_column_text]<\/p>\n<section class=\"elementor-element elementor-element-b1ef104 elementor-section-boxed elementor-section-height-default elementor-section-height-default elementor-section elementor-top-section\" data-id=\"b1ef104\" data-element_type=\"section\">\n<div class=\"elementor-container elementor-column-gap-default\">\n<div class=\"elementor-row\">\n<div class=\"elementor-element elementor-element-b82e910 elementor-column elementor-col-100 elementor-top-column\" data-id=\"b82e910\" data-element_type=\"column\">\n<div class=\"elementor-column-wrap elementor-element-populated\">\n<div class=\"elementor-widget-wrap\">\n<div class=\"elementor-element elementor-element-66861cd elementor-widget elementor-widget-text-editor\" data-id=\"66861cd\" data-element_type=\"widget\" data-widget_type=\"text-editor.default\">\n<div class=\"elementor-widget-container\">\n<div class=\"elementor-text-editor elementor-clearfix\">\n<p>Im Ortsteil Luhdorf befindet sich unsere ein- bis zweiz\u00fcgig gef\u00fchrte Au\u00dfenstelle mit ca. 100 Sch\u00fclerinnen und Sch\u00fclern.<\/p>\n<p>Es arbeiten dort 8 Lehrkr\u00e4fte und 4 p\u00e4dagogische Mitarbeiterinnen, die den Vertretungsunterricht und die Betreuung bis 12.55 Uhr \u00fcbernehmen. Verantwortlich f\u00fcr die inklusive Beschulung von Kindern mit Unterst\u00fctzungsbedarf sind 2 F\u00f6rderschullehrkr\u00e4fte. Einmal w\u00f6chentlich ist unsere Schulsozialp\u00e4dagogin verl\u00e4sslich vor Ort.<\/p>\n<p>Eine Sekret\u00e4rin ist Ansprechpartnerin f\u00fcr die Kinder, Eltern, Lehrkr\u00e4fte und Mitarbeiter\/Mitarbeiterinnen vor Ort. Ein Hausmeister, der auch f\u00fcr die Grundschule in Pattensen zust\u00e4ndig ist, k\u00fcmmert sich um das Geb\u00e4ude und Schulgel\u00e4nde.<\/p>\n<p>Der Ganztag wird von unserem Kooperationspartner P\u00e4din aus L\u00fcneburg organisiert.<\/p>\n<\/div>\n<\/div>\n<\/div>\n<\/div>\n<\/div>\n<\/div>\n<\/div>\n<\/div>\n<\/section>\n<p>[\/vc_column_text][\/vc_column][vc_column width=&#8220;1\/3&#8243;][vc_single_image image=&#8220;4191&#8243; img_size=&#8220;full&#8220; alignment=&#8220;center&#8220; onclick=&#8220;link_image&#8220;][\/vc_column][\/vc_row][vc_row][vc_column width=&#8220;1\/3&#8243;][vc_single_image image=&#8220;4187&#8243; img_size=&#8220;large&#8220; onclick=&#8220;link_image&#8220;][\/vc_column][vc_column width=&#8220;1\/3&#8243;][vc_single_image image=&#8220;4186&#8243; img_size=&#8220;large&#8220; onclick=&#8220;link_image&#8220;][\/vc_column][vc_column width=&#8220;1\/3&#8243;][vc_single_image image=&#8220;4188&#8243; img_size=&#8220;large&#8220; onclick=&#8220;link_image&#8220;][\/vc_column][\/vc_row]<\/p>\n<\/div>","protected":false},"excerpt":{"rendered":"<p>[vc_row full_width=&#8220;stretch_row&#8220; css=&#8220;.vc_custom_1548768070130{padding-top: 45px !important;padding-bottom: 40px !important;}&#8220;][vc_column width=&#8220;2\/3&#8243;][vc_column_text] Im Ortsteil Luhdorf befindet sich unsere ein- bis zweiz\u00fcgig gef\u00fchrte Au\u00dfenstelle mit ca. 100 Sch\u00fclerinnen und Sch\u00fclern. Es arbeiten dort 8 Lehrkr\u00e4fte und 4 p\u00e4dagogische Mitarbeiterinnen, die den Vertretungsunterricht und die Betreuung bis 12.55 Uhr \u00fcbernehmen. Verantwortlich f\u00fcr die inklusive Beschulung von Kindern mit Unterst\u00fctzungsbedarf sind 2 [&hellip;]<\/p>\n","protected":false},"author":5,"featured_media":0,"parent":0,"menu_order":0,"comment_status":"closed","ping_status":"closed","template":"","meta":{"footnotes":""},"class_list":["post-4185","page","type-page","status-publish","hentry"],"_links":{"self":[{"href":"https:\/\/wordpress.ilmer-barg.de\/index.php?rest_route=\/wp\/v2\/pages\/4185","targetHints":{"allow":["GET"]}}],"collection":[{"href":"https:\/\/wordpress.ilmer-barg.de\/index.php?rest_route=\/wp\/v2\/pages"}],"about":[{"href":"https:\/\/wordpress.ilmer-barg.de\/index.php?rest_route=\/wp\/v2\/types\/page"}],"author":[{"embeddable":true,"href":"https:\/\/wordpress.ilmer-barg.de\/index.php?rest_route=\/wp\/v2\/users\/5"}],"replies":[{"embeddable":true,"href":"https:\/\/wordpress.ilmer-barg.de\/index.php?rest_route=%2Fwp%2Fv2%2Fcomments&post=4185"}],"version-history":[{"count":6,"href":"https:\/\/wordpress.ilmer-barg.de\/index.php?rest_route=\/wp\/v2\/pages\/4185\/revisions"}],"predecessor-version":[{"id":4858,"href":"https:\/\/wordpress.ilmer-barg.de\/index.php?rest_route=\/wp\/v2\/pages\/4185\/revisions\/4858"}],"wp:attachment":[{"href":"https:\/\/wordpress.ilmer-barg.de\/index.php?rest_route=%2Fwp%2Fv2%2Fmedia&parent=4185"}],"curies":[{"name":"wp","href":"https:\/\/api.w.org\/{rel}","templated":true}]}}