{"id":4100,"date":"2019-05-10T12:04:37","date_gmt":"2019-05-10T10:04:37","guid":{"rendered":"https:\/\/wordpress.ilmer-barg.de\/?page_id=4100"},"modified":"2019-07-22T08:24:34","modified_gmt":"2019-07-22T06:24:34","slug":"admissions-3","status":"publish","type":"page","link":"https:\/\/wordpress.ilmer-barg.de\/?page_id=4100","title":{"rendered":"Leitbild"},"content":{"rendered":"<div class=\"wpb-content-wrapper\"><p>[vc_row full_width=&#8220;stretch_row&#8220; css=&#8220;.vc_custom_1548768070130{padding-top: 45px !important;padding-bottom: 40px !important;}&#8220;][vc_column width=&#8220;2\/3&#8243;][vc_column_text]<\/p>\n<section class=\"elementor-element elementor-element-b1ef104 elementor-section-boxed elementor-section-height-default elementor-section-height-default elementor-section elementor-top-section\" data-id=\"b1ef104\" data-element_type=\"section\">\n<div class=\"elementor-container elementor-column-gap-default\">\n<div class=\"elementor-row\">\n<div class=\"elementor-element elementor-element-b82e910 elementor-column elementor-col-100 elementor-top-column\" data-id=\"b82e910\" data-element_type=\"column\">\n<div class=\"elementor-column-wrap elementor-element-populated\">\n<div class=\"elementor-widget-wrap\">\n<div class=\"elementor-element elementor-element-66861cd elementor-widget elementor-widget-text-editor\" data-id=\"66861cd\" data-element_type=\"widget\" data-widget_type=\"text-editor.default\">\n<div class=\"elementor-widget-container\">\n<div class=\"elementor-text-editor elementor-clearfix\">\n<p>Im Leitbild stellen wir unser gemeinsames Ziel- und Werteverst\u00e4ndnis sowie die Grunds\u00e4tze der Erziehung und des Unterrichts unter Ber\u00fccksichtigung der Zusammensetzung der Sch\u00fclerschaft und des regionalen Umfeldes dar.<\/p>\n<\/div>\n<\/div>\n<\/div>\n<\/div>\n<\/div>\n<\/div>\n<\/div>\n<\/div>\n<\/section>\n<p>[\/vc_column_text][stm_title title_tag=&#8220;h2&#8243; title=&#8220;Leits\u00e4tze unseres Handels&#8220;][\/stm_title][vc_tta_accordion gap=&#8220;5&#8243; c_icon=&#8220;&#8220; active_section=&#8220;1&#8243; collapsible_all=&#8220;true&#8220;][vc_tta_section title=&#8220;1. Leitsatz: Selbstverst\u00e4ndnis&#8220; tab_id=&#8220;1557483035292-05413eb8-3e2d&#8220;][vc_column_text]Wir sind eine Schule, die Wert darauf legt, dass sich alle Sch\u00fclerinnen, Sch\u00fcler, Eltern, Mitarbeiterinnen und Mitarbeiter sowie Lehrkr\u00e4fte wohl f\u00fchlen. Deshalb achten wir auf einen respektvollen und freundlichen Umgang miteinander, Zusammenarbeit, Transparenz und gegenseitige Unterst\u00fctzung.[\/vc_column_text][\/vc_tta_section][vc_tta_section title=&#8220;2. Leitsatz: Schule als Lebensraum&#8220; tab_id=&#8220;1557483035346-9bdb58d1-7ba8&#8243;][vc_column_text]Wir schaffen Gelegenheiten, mit unseren Sch\u00fclerinnen und Sch\u00fclern etwas Positives zu erleben und pers\u00f6nliche Ber\u00fchrungspunkte herzustellen. Weil wir den Kontakt zu ihnen f\u00fcr den Dreh- und Angelpunkt unserer Arbeit halten, gehen wir gezielt auf sie zu.[\/vc_column_text][\/vc_tta_section][vc_tta_section title=&#8220;3. Leitsatz: Erziehung und soziales Lernen&#8220; tab_id=&#8220;1557483064879-331042ba-793a&#8220;][vc_column_text]Wir sind eine Schule, die Werte des sozialen Miteinanders lebt. Fairness, Teamf\u00e4higkeit, Hilfsbereitschaft und Toleranz sind uns wichtig.[\/vc_column_text][\/vc_tta_section][vc_tta_section title=&#8220;4. Leitsatz: Gesundheit&#8220; tab_id=&#8220;1557483079166-6d2eccd3-6167&#8243;][vc_column_text]Wir haben ein lebenslanges Lernen im Visier, das gesunde Ern\u00e4hrung einschlie\u00dflich Suchtpr\u00e4vention und Hygiene sowie Freude an Bewegung beinhaltet. Uns ist die ganze Pers\u00f6nlichkeit der Sch\u00fclerinnen und Sch\u00fcler wichtig, nicht nur deren schulische Leistung.[\/vc_column_text][\/vc_tta_section][vc_tta_section title=&#8220;5. Leitsatz: Umwelterziehung&#8220; tab_id=&#8220;1557483094520-5bb892f4-b702&#8243;][vc_column_text]Wir vermitteln den Wert, die Umwelt als sch\u00fctzenswert anzusehen und arbeiten an einer nachhaltigen Nutzung der Ressourcen. Unsere Sch\u00fclerinnen und Sch\u00fcler \u00fcbernehmen Verantwortung.[\/vc_column_text][\/vc_tta_section][vc_tta_section title=&#8220;6. Leitsatz: Unterricht&#8220; tab_id=&#8220;1557483109906-eb48d2c2-5af5&#8243;][vc_column_text]Leitendes Prinzip unserer Vermittlung ist die Handlungsorientierung und die Anschauung. Auch abstrakte Inhalte werden erlebbar gelehrt. Wir ebnen den Sch\u00fclerinnen und Sch\u00fclern in der Grundschule eine solide Basis und an der Oberschule eine umfassende allgemeine und praxisbezogene Bildung. Unser Unterricht unterst\u00fctzt den Erwerb einer sachgem\u00e4\u00dfen Medienkompetenz.[\/vc_column_text][\/vc_tta_section][vc_tta_section title=&#8220;7. Leitsatz: Inklusion&#8220; tab_id=&#8220;1557483121777-4da0a271-c4a0&#8243;][vc_column_text]Wir sagen ja zu Vielfalt und Unterschiedlichkeit. Die Grundlage unseres schulischen Zusammenlebens ist der respektvolle Umgang miteinander. Deshalb f\u00f6rdern und fordern wir unter Ber\u00fccksichtigung der individuellen Leistungsf\u00e4higkeit des Einzelnen die St\u00e4rken und Kompetenzen unserer Sch\u00fclerinnen und Sch\u00fcler.[\/vc_column_text][\/vc_tta_section][vc_tta_section title=&#8220;8. Leitsatz: Berufsorientierung und Berufsfindung&#8220; tab_id=&#8220;1557483134250-a878277a-0930&#8243;][vc_column_text]Wir sind eine Schule in der die Berufsorientierung einen hohen Stellenwert hat. Unsere Sch\u00fclerinnen und Sch\u00fclern erm\u00f6glichen wir deshalb \u00fcber den Fachunterricht hinaus die Teilnahme an berufsbezogenen Arbeitsgemeinschaften und der Sch\u00fclerfirma, Erkundungen verschiedener Berufe in regionalen Unternehmen und die Kooperationen mit Partnern aus der Wirtschaft.[\/vc_column_text][\/vc_tta_section][vc_tta_section title=&#8220;9. Leitsatz: Zukunftsf\u00e4higkeit&#8220; tab_id=&#8220;1557483143932-1d2b9022-06a9&#8243;][vc_column_text]Wir sind eine Schule, die ihre Sch\u00fclerinnen und Sch\u00fcler auf dem Weg begleitet, ihre eigene pers\u00f6nliche und berufliche Entwicklung zu gestalten und aktiv am gesellschaftlichen Leben teilzunehmen. Wir wollen erreichen, dass sie f\u00fcr sich und andere Verantwortung \u00fcbernehmen.[\/vc_column_text][\/vc_tta_section][\/vc_tta_accordion][\/vc_column][vc_column width=&#8220;1\/3&#8243;][vc_single_image image=&#8220;4104&#8243; img_size=&#8220;large&#8220; onclick=&#8220;link_image&#8220;][vc_single_image image=&#8220;4105&#8243; img_size=&#8220;large&#8220; onclick=&#8220;link_image&#8220;][vc_single_image image=&#8220;4106&#8243; img_size=&#8220;large&#8220; onclick=&#8220;link_image&#8220;][vc_column_text]Eine ausf\u00fchrliche Version unseres Leitbildes finden Sie hier:[\/vc_column_text][vc_btn title=&#8220;Leitbild GOBS Ilmer Barg (PDF)&#8220; style=&#8220;flat&#8220; shape=&#8220;square&#8220; color=&#8220;green&#8220; align=&#8220;center&#8220; button_block=&#8220;true&#8220;][\/vc_column][\/vc_row]<\/p>\n<\/div>","protected":false},"excerpt":{"rendered":"<p>[vc_row full_width=&#8220;stretch_row&#8220; css=&#8220;.vc_custom_1548768070130{padding-top: 45px !important;padding-bottom: 40px !important;}&#8220;][vc_column width=&#8220;2\/3&#8243;][vc_column_text] Im Leitbild stellen wir unser gemeinsames Ziel- und Werteverst\u00e4ndnis sowie die Grunds\u00e4tze der Erziehung und des Unterrichts unter Ber\u00fccksichtigung der Zusammensetzung der Sch\u00fclerschaft und des regionalen Umfeldes dar. [\/vc_column_text][stm_title title_tag=&#8220;h2&#8243; title=&#8220;Leits\u00e4tze unseres Handels&#8220;][\/stm_title][vc_tta_accordion gap=&#8220;5&#8243; c_icon=&#8220;&#8220; active_section=&#8220;1&#8243; collapsible_all=&#8220;true&#8220;][vc_tta_section title=&#8220;1. Leitsatz: Selbstverst\u00e4ndnis&#8220; tab_id=&#8220;1557483035292-05413eb8-3e2d&#8220;][vc_column_text]Wir sind eine Schule, die Wert darauf [&hellip;]<\/p>\n","protected":false},"author":5,"featured_media":0,"parent":0,"menu_order":0,"comment_status":"closed","ping_status":"closed","template":"","meta":{"footnotes":""},"class_list":["post-4100","page","type-page","status-publish","hentry"],"_links":{"self":[{"href":"https:\/\/wordpress.ilmer-barg.de\/index.php?rest_route=\/wp\/v2\/pages\/4100","targetHints":{"allow":["GET"]}}],"collection":[{"href":"https:\/\/wordpress.ilmer-barg.de\/index.php?rest_route=\/wp\/v2\/pages"}],"about":[{"href":"https:\/\/wordpress.ilmer-barg.de\/index.php?rest_route=\/wp\/v2\/types\/page"}],"author":[{"embeddable":true,"href":"https:\/\/wordpress.ilmer-barg.de\/index.php?rest_route=\/wp\/v2\/users\/5"}],"replies":[{"embeddable":true,"href":"https:\/\/wordpress.ilmer-barg.de\/index.php?rest_route=%2Fwp%2Fv2%2Fcomments&post=4100"}],"version-history":[{"count":17,"href":"https:\/\/wordpress.ilmer-barg.de\/index.php?rest_route=\/wp\/v2\/pages\/4100\/revisions"}],"predecessor-version":[{"id":4595,"href":"https:\/\/wordpress.ilmer-barg.de\/index.php?rest_route=\/wp\/v2\/pages\/4100\/revisions\/4595"}],"wp:attachment":[{"href":"https:\/\/wordpress.ilmer-barg.de\/index.php?rest_route=%2Fwp%2Fv2%2Fmedia&parent=4100"}],"curies":[{"name":"wp","href":"https:\/\/api.w.org\/{rel}","templated":true}]}}