{"id":3880,"date":"2019-02-11T08:33:45","date_gmt":"2019-02-11T07:33:45","guid":{"rendered":"https:\/\/wordpress.ilmer-barg.de\/?page_id=3880"},"modified":"2021-07-15T19:55:17","modified_gmt":"2021-07-15T17:55:17","slug":"academic-calendar-2-2","status":"publish","type":"page","link":"https:\/\/wordpress.ilmer-barg.de\/?page_id=3880","title":{"rendered":"Berufsorientierung Oberschule"},"content":{"rendered":"<div class=\"wpb-content-wrapper\"><p>[vc_row full_width=&#8220;stretch_row&#8220; css=&#8220;.vc_custom_1558005718833{padding-top: 46px !important;padding-bottom: 40px !important;background-color: #ffffff !important;}&#8220;][vc_column width=&#8220;1\/2&#8243;][stm_title title_tag=&#8220;h2&#8243; title=&#8220;Kooperationen auf dem Weg in den Beruf&#8220;][\/stm_title][vc_column_text]Im Laufe der gesamten Schullaufbahn erm\u00f6glichen wir unseren Sch\u00fclern sich \u00fcber m\u00f6gliche Berufe zu informieren. Au\u00dferdem bieten wir die M\u00f6glichkeit sich in unterschiedlichen Bereichen zu erproben.<br \/>\nSo gew\u00e4hrleisten wir eine optimale Vorbereitung auf das Berufsleben.<\/p>\n<p>Kooperationspartner sind dabei vor allem die BBS Winsen (Luhe), die Inab Winsen (Luhe) und unterschiedliche Betriebe der Region.[\/vc_column_text][vc_separator][vc_column_text]Eine anschauliche \u00dcbersicht auf dem Weg zum Beruf findest l\u00e4sst sich von <em><strong>Ausbildung im Verbund pro regio e.V.<\/strong><\/em> hier ansehen.[\/vc_column_text][vc_btn title=&#8220;Wege in den Beruf&#8220; style=&#8220;classic&#8220; shape=&#8220;square&#8220; color=&#8220;success&#8220; link=&#8220;url:https%3A%2F%2Fwordpress.ilmer-barg.de%2Fwp-content%2Fuploads%2F2019%2F05%2FPlakat_Wege-in-den-Beruf_web_G.pdf|||&#8220;][vc_separator][vc_column_text]Frau Gach von der Agentur f\u00fcr Arbeit L\u00fcneburg-Uelzen ist die Ansprechpartnerin f\u00fcr unsere Schule. Sie ist regelm\u00e4\u00dfig vor Ort oder kann direkt kontaktiert werden.[\/vc_column_text][vc_btn title=&#8220;Kontakt zu Frau Gach&#8220; style=&#8220;classic&#8220; shape=&#8220;square&#8220; color=&#8220;success&#8220; link=&#8220;url:https%3A%2F%2Fwww.arbeitsagentur.de%2Fvor-ort%2Flueneburg-uelzen%2Fschule-ilmer-barg&#8220;][\/vc_column][vc_column width=&#8220;1\/2&#8243;][vc_row_inner][vc_column_inner width=&#8220;1\/2&#8243;][vc_single_image image=&#8220;3881&#8243; img_size=&#8220;full&#8220; onclick=&#8220;custom_link&#8220; img_link_target=&#8220;_blank&#8220; link=&#8220;https:\/\/www.bbs-winsen.de\/&#8220;][\/vc_column_inner][vc_column_inner width=&#8220;1\/2&#8243;][vc_single_image image=&#8220;3882&#8243; img_size=&#8220;full&#8220; onclick=&#8220;custom_link&#8220; img_link_target=&#8220;_blank&#8220; link=&#8220;https:\/\/www.inab-jugend.de\/winsen\/&#8220;][\/vc_column_inner][\/vc_row_inner][vc_tta_accordion gap=&#8220;5&#8243; active_section=&#8220;1&#8243;][vc_tta_section title=&#8220;ab Klasse 6&#8243; tab_id=&#8220;1549868924800-fb075a69-3406&#8243;][vc_column_text]<\/p>\n<ul>\n<li>Teilnahme am Zukunftstag<\/li>\n<\/ul>\n<p>[\/vc_column_text][\/vc_tta_section][vc_tta_section title=&#8220;ab Klasse 7&#8243; tab_id=&#8220;1549869035012-7b0aaad8-9b22&#8243;][vc_column_text]<\/p>\n<ul>\n<li>Potentialanalyse \u201eWelche St\u00e4rken habe ich?\u201c<\/li>\n<li>Teilnahme am Zukunftstag<\/li>\n<li>Mitwirkung in Sch\u00fclerfirmen<\/li>\n<\/ul>\n<p>[\/vc_column_text][\/vc_tta_section][vc_tta_section title=&#8220;ab Klasse 8&#8243; tab_id=&#8220;1549869057713-93e9093d-03d1&#8243;][vc_column_text]<\/p>\n<ul>\n<li>Betriebspraktikum f\u00fcr 3 Wochen<\/li>\n<li>Werkstattwochen \/ Erprobung in einzelnen Bereichen<\/li>\n<li>Berufsorientierung in den Werkst\u00e4tten der BBS Winsen<\/li>\n<li>Bewerbungstraining im Rahmen des Deutschunterrichts<\/li>\n<\/ul>\n<p>[\/vc_column_text][\/vc_tta_section][vc_tta_section title=&#8220;ab Klasse 9&#8243; tab_id=&#8220;1549869076403-b07dbee3-d9eb&#8220;][vc_column_text]<\/p>\n<ul>\n<li>Betriebspraktikum f\u00fcr 3 Wochen<\/li>\n<li>Berufsfindungsmesse<\/li>\n<li>Planspiel<\/li>\n<li>Schnuppertage an der BBS Winsen (Luhe)<\/li>\n<li>Profilwahl m\u00f6glich<\/li>\n<li>Bewerbungstraining<\/li>\n<\/ul>\n<p>[\/vc_column_text][\/vc_tta_section][vc_tta_section title=&#8220;ab Klasse 10&#8243; tab_id=&#8220;1549869095822-894a6bc4-6db4&#8243;][vc_column_text]<\/p>\n<ul>\n<li>Berufsberatung<\/li>\n<li>Schnuppertage an der BBS Winsen (Luhe)<\/li>\n<li>Profilwahl m\u00f6glich<\/li>\n<\/ul>\n<p>[\/vc_column_text][\/vc_tta_section][\/vc_tta_accordion][\/vc_column][\/vc_row]<\/p>\n<\/div>","protected":false},"excerpt":{"rendered":"<p>[vc_row full_width=&#8220;stretch_row&#8220; css=&#8220;.vc_custom_1558005718833{padding-top: 46px !important;padding-bottom: 40px !important;background-color: #ffffff !important;}&#8220;][vc_column width=&#8220;1\/2&#8243;][stm_title title_tag=&#8220;h2&#8243; title=&#8220;Kooperationen auf dem Weg in den Beruf&#8220;][\/stm_title][vc_column_text]Im Laufe der gesamten Schullaufbahn erm\u00f6glichen wir unseren Sch\u00fclern sich \u00fcber m\u00f6gliche Berufe zu informieren. Au\u00dferdem bieten wir die M\u00f6glichkeit sich in unterschiedlichen Bereichen zu erproben. So gew\u00e4hrleisten wir eine optimale Vorbereitung auf das Berufsleben. Kooperationspartner sind dabei [&hellip;]<\/p>\n","protected":false},"author":5,"featured_media":0,"parent":0,"menu_order":0,"comment_status":"closed","ping_status":"closed","template":"","meta":{"footnotes":""},"class_list":["post-3880","page","type-page","status-publish","hentry"],"_links":{"self":[{"href":"https:\/\/wordpress.ilmer-barg.de\/index.php?rest_route=\/wp\/v2\/pages\/3880","targetHints":{"allow":["GET"]}}],"collection":[{"href":"https:\/\/wordpress.ilmer-barg.de\/index.php?rest_route=\/wp\/v2\/pages"}],"about":[{"href":"https:\/\/wordpress.ilmer-barg.de\/index.php?rest_route=\/wp\/v2\/types\/page"}],"author":[{"embeddable":true,"href":"https:\/\/wordpress.ilmer-barg.de\/index.php?rest_route=\/wp\/v2\/users\/5"}],"replies":[{"embeddable":true,"href":"https:\/\/wordpress.ilmer-barg.de\/index.php?rest_route=%2Fwp%2Fv2%2Fcomments&post=3880"}],"version-history":[{"count":12,"href":"https:\/\/wordpress.ilmer-barg.de\/index.php?rest_route=\/wp\/v2\/pages\/3880\/revisions"}],"predecessor-version":[{"id":6838,"href":"https:\/\/wordpress.ilmer-barg.de\/index.php?rest_route=\/wp\/v2\/pages\/3880\/revisions\/6838"}],"wp:attachment":[{"href":"https:\/\/wordpress.ilmer-barg.de\/index.php?rest_route=%2Fwp%2Fv2%2Fmedia&parent=3880"}],"curies":[{"name":"wp","href":"https:\/\/api.w.org\/{rel}","templated":true}]}}