{"id":3851,"date":"2019-02-08T12:14:53","date_gmt":"2019-02-08T11:14:53","guid":{"rendered":"https:\/\/recursing-goldberg.89-163-214-15.plesk.page\/?page_id=3851"},"modified":"2021-11-09T21:25:34","modified_gmt":"2021-11-09T20:25:34","slug":"academic-calendar-2","status":"publish","type":"page","link":"https:\/\/wordpress.ilmer-barg.de\/?page_id=3851","title":{"rendered":"Schullaufbahn Oberschule"},"content":{"rendered":"<div class=\"wpb-content-wrapper\"><p>[vc_row][vc_column][vc_column_text css=&#8220;.vc_custom_1636489490641{margin-top: 40px !important;}&#8220;]Als Oberschule sind wir eine Schule, an der jeder Sch\u00fcler mit seinen individuellen St\u00e4rken und Schw\u00e4chen willkommen ist und entsprechend gefordert und gef\u00f6rdert wird.\u00a0So \u00a0besteht die M\u00f6glichkeit mit Franz\u00f6sisch eine <strong>zweite Fremdsprache<\/strong> zu w\u00e4hlen. Pers\u00f6nliche Neigungen und Interessen k\u00f6nnen in unterschiedlichen <strong>WPKs<\/strong> (Wahlpflichtkursen) oder den <strong>Profilen<\/strong> verfolgt werden. Ein besonderer Schwerpunkt ist an unserer Schule der Themenbereich <strong>Berufspraxis<\/strong> und <strong>Berufsorientierung<\/strong>.<\/p>\n<p>Seit dem Schuljahr 2020\/2021 unterrichten wir an unserer Schule schulzweigbezogen, d.h. dass alle Jahrg\u00e4nge, die ab diesem Schuljahr eingeschult wurden und werden, zun\u00e4chst zwei Jahre gemeinsam lernen. Ab Klasse 7 wird dann schulzweigbezogen unterrichtet. Alle Jahrg\u00e4nge, die vor 2020\/2021 eingeschult wurden, werden bis zu ihrem Abschluss weiterhin jahrgangsbezogen unterrichtet. Die jahrgangsbezogene OBS nach dem alten Modell l\u00e4uft nach dem Schuljahr 2024\/2025 aus.[\/vc_column_text][\/vc_column][\/vc_row][vc_row][vc_column width=&#8220;1\/2&#8243;][vc_single_image image=&#8220;6974&#8243; img_size=&#8220;large&#8220; alignment=&#8220;center&#8220; onclick=&#8220;img_link_large&#8220;][vc_separator][\/vc_column][vc_column width=&#8220;1\/2&#8243;][vc_single_image image=&#8220;6992&#8243; img_size=&#8220;large&#8220; alignment=&#8220;center&#8220; onclick=&#8220;img_link_large&#8220;][vc_separator][\/vc_column][\/vc_row][vc_row][vc_column][\/vc_column][\/vc_row]<\/p>\n<\/div>","protected":false},"excerpt":{"rendered":"<p>[vc_row][vc_column][vc_column_text css=&#8220;.vc_custom_1636489490641{margin-top: 40px !important;}&#8220;]Als Oberschule sind wir eine Schule, an der jeder Sch\u00fcler mit seinen individuellen St\u00e4rken und Schw\u00e4chen willkommen ist und entsprechend gefordert und gef\u00f6rdert wird.\u00a0So \u00a0besteht die M\u00f6glichkeit mit Franz\u00f6sisch eine zweite Fremdsprache zu w\u00e4hlen. Pers\u00f6nliche Neigungen und Interessen k\u00f6nnen in unterschiedlichen WPKs (Wahlpflichtkursen) oder den Profilen verfolgt werden. Ein besonderer Schwerpunkt ist [&hellip;]<\/p>\n","protected":false},"author":5,"featured_media":0,"parent":0,"menu_order":0,"comment_status":"closed","ping_status":"closed","template":"","meta":{"footnotes":""},"class_list":["post-3851","page","type-page","status-publish","hentry"],"_links":{"self":[{"href":"https:\/\/wordpress.ilmer-barg.de\/index.php?rest_route=\/wp\/v2\/pages\/3851","targetHints":{"allow":["GET"]}}],"collection":[{"href":"https:\/\/wordpress.ilmer-barg.de\/index.php?rest_route=\/wp\/v2\/pages"}],"about":[{"href":"https:\/\/wordpress.ilmer-barg.de\/index.php?rest_route=\/wp\/v2\/types\/page"}],"author":[{"embeddable":true,"href":"https:\/\/wordpress.ilmer-barg.de\/index.php?rest_route=\/wp\/v2\/users\/5"}],"replies":[{"embeddable":true,"href":"https:\/\/wordpress.ilmer-barg.de\/index.php?rest_route=%2Fwp%2Fv2%2Fcomments&post=3851"}],"version-history":[{"count":20,"href":"https:\/\/wordpress.ilmer-barg.de\/index.php?rest_route=\/wp\/v2\/pages\/3851\/revisions"}],"predecessor-version":[{"id":6993,"href":"https:\/\/wordpress.ilmer-barg.de\/index.php?rest_route=\/wp\/v2\/pages\/3851\/revisions\/6993"}],"wp:attachment":[{"href":"https:\/\/wordpress.ilmer-barg.de\/index.php?rest_route=%2Fwp%2Fv2%2Fmedia&parent=3851"}],"curies":[{"name":"wp","href":"https:\/\/api.w.org\/{rel}","templated":true}]}}