{"id":3688,"date":"2019-01-30T10:07:48","date_gmt":"2019-01-30T09:07:48","guid":{"rendered":"https:\/\/wordpress.ilmer-barg.de\/?page_id=3688"},"modified":"2024-11-10T23:08:02","modified_gmt":"2024-11-10T22:08:02","slug":"admissions-2-3-3","status":"publish","type":"page","link":"https:\/\/wordpress.ilmer-barg.de\/?page_id=3688","title":{"rendered":"Sch\u00fclervertretung"},"content":{"rendered":"<div class=\"wpb-content-wrapper\"><p>[vc_row full_width=&#8220;stretch_row&#8220; css=&#8220;.vc_custom_1548768070130{padding-top: 45px !important;padding-bottom: 40px !important;}&#8220;][vc_column width=&#8220;1\/2&#8243;][vc_single_image image=&#8220;3802&#8243; img_size=&#8220;full&#8220; onclick=&#8220;link_image&#8220;][\/vc_column][vc_column width=&#8220;1\/2&#8243;][vc_column_text css=&#8220;&#8220;]Wir treffen uns regelm\u00e4\u00dfig mit Frau Maurer und diskutieren dabei aktuelle Themen des Schullebens.<\/p>\n<p>Folgende Themen sind uns besonders wichtig:<\/p>\n<ul style=\"list-style-type: disc;\">\n<li>t\u00e4gliche Meinungsabfrage zum Mensa-Essen<\/li>\n<li>Einf\u00fchrung von Schulkleidung<\/li>\n<li>Schule mit Courage \u2013 Schule gegen Rassismus<\/li>\n<li>Aktion \u201eStifte machen M\u00e4dchen stark\u201c<\/li>\n<li>Aktion \u201eSaubere Toiletten\u201c<\/li>\n<li>Mitsprache bei Anschaffungen (Pause, Kicker, Neubau)<\/li>\n<li>Ausgestaltung des Schulhofs<\/li>\n<li>etc\u2026<\/li>\n<\/ul>\n<p>[\/vc_column_text][\/vc_column][\/vc_row]<\/p>\n<\/div>","protected":false},"excerpt":{"rendered":"<p>[vc_row full_width=&#8220;stretch_row&#8220; css=&#8220;.vc_custom_1548768070130{padding-top: 45px !important;padding-bottom: 40px !important;}&#8220;][vc_column width=&#8220;1\/2&#8243;][vc_single_image image=&#8220;3802&#8243; img_size=&#8220;full&#8220; onclick=&#8220;link_image&#8220;][\/vc_column][vc_column width=&#8220;1\/2&#8243;][vc_column_text css=&#8220;&#8220;]Wir treffen uns regelm\u00e4\u00dfig mit Frau Maurer und diskutieren dabei aktuelle Themen des Schullebens. Folgende Themen sind uns besonders wichtig: t\u00e4gliche Meinungsabfrage zum Mensa-Essen Einf\u00fchrung von Schulkleidung Schule mit Courage \u2013 Schule gegen Rassismus Aktion \u201eStifte machen M\u00e4dchen stark\u201c Aktion \u201eSaubere Toiletten\u201c Mitsprache [&hellip;]<\/p>\n","protected":false},"author":5,"featured_media":0,"parent":0,"menu_order":0,"comment_status":"closed","ping_status":"closed","template":"","meta":{"footnotes":""},"class_list":["post-3688","page","type-page","status-publish","hentry"],"_links":{"self":[{"href":"https:\/\/wordpress.ilmer-barg.de\/index.php?rest_route=\/wp\/v2\/pages\/3688","targetHints":{"allow":["GET"]}}],"collection":[{"href":"https:\/\/wordpress.ilmer-barg.de\/index.php?rest_route=\/wp\/v2\/pages"}],"about":[{"href":"https:\/\/wordpress.ilmer-barg.de\/index.php?rest_route=\/wp\/v2\/types\/page"}],"author":[{"embeddable":true,"href":"https:\/\/wordpress.ilmer-barg.de\/index.php?rest_route=\/wp\/v2\/users\/5"}],"replies":[{"embeddable":true,"href":"https:\/\/wordpress.ilmer-barg.de\/index.php?rest_route=%2Fwp%2Fv2%2Fcomments&post=3688"}],"version-history":[{"count":10,"href":"https:\/\/wordpress.ilmer-barg.de\/index.php?rest_route=\/wp\/v2\/pages\/3688\/revisions"}],"predecessor-version":[{"id":9024,"href":"https:\/\/wordpress.ilmer-barg.de\/index.php?rest_route=\/wp\/v2\/pages\/3688\/revisions\/9024"}],"wp:attachment":[{"href":"https:\/\/wordpress.ilmer-barg.de\/index.php?rest_route=%2Fwp%2Fv2%2Fmedia&parent=3688"}],"curies":[{"name":"wp","href":"https:\/\/api.w.org\/{rel}","templated":true}]}}