{"id":3679,"date":"2019-01-30T10:02:31","date_gmt":"2019-01-30T09:02:31","guid":{"rendered":"https:\/\/wordpress.ilmer-barg.de\/?page_id=3679"},"modified":"2023-02-23T16:34:56","modified_gmt":"2023-02-23T15:34:56","slug":"admissions-2-3-2","status":"publish","type":"page","link":"https:\/\/wordpress.ilmer-barg.de\/?page_id=3679","title":{"rendered":"Mitarbeiter"},"content":{"rendered":"<div class=\"wpb-content-wrapper\"><p>[vc_row full_width=&#8220;stretch_row&#8220; css=&#8220;.vc_custom_1548768070130{padding-top: 45px !important;padding-bottom: 40px !important;}&#8220;][vc_column width=&#8220;1\/2&#8243;][vc_single_image image=&#8220;6905&#8243; img_size=&#8220;full&#8220; onclick=&#8220;link_image&#8220;][stm_title title_tag=&#8220;h2&#8243; title=&#8220;Stephan Koch (Hausmeister)&#8220;][\/stm_title][vc_column_text]Stephan Koch ist als Hausmeister an unserer Schule t\u00e4tig und unterst\u00fctzt uns alle mit Rat und Tat.[\/vc_column_text][\/vc_column][vc_column width=&#8220;1\/2&#8243;][vc_single_image image=&#8220;3686&#8243; img_size=&#8220;full&#8220; onclick=&#8220;link_image&#8220;][stm_title title_tag=&#8220;h2&#8243; title=&#8220;P\u00e4dagogische Mitarbeiter&#8220;][\/stm_title][vc_column_text]<\/p>\n<p class=\"has-normal-font-size\">Seit vielen Jahren unterst\u00fctzen die p\u00e4dagogischen Mitarbeiterinnen die Kollegen in der Grundschule. Sch\u00f6n, dass wir euch haben!<\/p>\n<p>[\/vc_column_text][\/vc_column][\/vc_row]<\/p>\n<\/div>","protected":false},"excerpt":{"rendered":"<p>[vc_row full_width=&#8220;stretch_row&#8220; css=&#8220;.vc_custom_1548768070130{padding-top: 45px !important;padding-bottom: 40px !important;}&#8220;][vc_column width=&#8220;1\/2&#8243;][vc_single_image image=&#8220;6905&#8243; img_size=&#8220;full&#8220; onclick=&#8220;link_image&#8220;][stm_title title_tag=&#8220;h2&#8243; title=&#8220;Stephan Koch (Hausmeister)&#8220;][\/stm_title][vc_column_text]Stephan Koch ist als Hausmeister an unserer Schule t\u00e4tig und unterst\u00fctzt uns alle mit Rat und Tat.[\/vc_column_text][\/vc_column][vc_column width=&#8220;1\/2&#8243;][vc_single_image image=&#8220;3686&#8243; img_size=&#8220;full&#8220; onclick=&#8220;link_image&#8220;][stm_title title_tag=&#8220;h2&#8243; title=&#8220;P\u00e4dagogische Mitarbeiter&#8220;][\/stm_title][vc_column_text] Seit vielen Jahren unterst\u00fctzen die p\u00e4dagogischen Mitarbeiterinnen die Kollegen in der Grundschule. Sch\u00f6n, dass wir euch haben! [&hellip;]<\/p>\n","protected":false},"author":5,"featured_media":0,"parent":0,"menu_order":0,"comment_status":"closed","ping_status":"closed","template":"","meta":{"footnotes":""},"class_list":["post-3679","page","type-page","status-publish","hentry"],"_links":{"self":[{"href":"https:\/\/wordpress.ilmer-barg.de\/index.php?rest_route=\/wp\/v2\/pages\/3679","targetHints":{"allow":["GET"]}}],"collection":[{"href":"https:\/\/wordpress.ilmer-barg.de\/index.php?rest_route=\/wp\/v2\/pages"}],"about":[{"href":"https:\/\/wordpress.ilmer-barg.de\/index.php?rest_route=\/wp\/v2\/types\/page"}],"author":[{"embeddable":true,"href":"https:\/\/wordpress.ilmer-barg.de\/index.php?rest_route=\/wp\/v2\/users\/5"}],"replies":[{"embeddable":true,"href":"https:\/\/wordpress.ilmer-barg.de\/index.php?rest_route=%2Fwp%2Fv2%2Fcomments&post=3679"}],"version-history":[{"count":12,"href":"https:\/\/wordpress.ilmer-barg.de\/index.php?rest_route=\/wp\/v2\/pages\/3679\/revisions"}],"predecessor-version":[{"id":7926,"href":"https:\/\/wordpress.ilmer-barg.de\/index.php?rest_route=\/wp\/v2\/pages\/3679\/revisions\/7926"}],"wp:attachment":[{"href":"https:\/\/wordpress.ilmer-barg.de\/index.php?rest_route=%2Fwp%2Fv2%2Fmedia&parent=3679"}],"curies":[{"name":"wp","href":"https:\/\/api.w.org\/{rel}","templated":true}]}}