{"id":3664,"date":"2019-01-30T09:50:13","date_gmt":"2019-01-30T08:50:13","guid":{"rendered":"https:\/\/recursing-goldberg.89-163-214-15.plesk.page\/?page_id=3664"},"modified":"2026-01-18T23:07:30","modified_gmt":"2026-01-18T22:07:30","slug":"admissions-2-3-4","status":"publish","type":"page","link":"https:\/\/wordpress.ilmer-barg.de\/?page_id=3664","title":{"rendered":"Schulsozialarbeit"},"content":{"rendered":"<div class=\"wpb-content-wrapper\"><p>[vc_row full_width=&#8220;stretch_row&#8220; css=&#8220;.vc_custom_1548768070130{padding-top: 45px !important;padding-bottom: 40px !important;}&#8220;][vc_column width=&#8220;1\/2&#8243;][vc_single_image image=&#8220;9625&#8243; img_size=&#8220;full&#8220; onclick=&#8220;link_image&#8220; css=&#8220;&#8220;][\/vc_column][vc_column width=&#8220;1\/2&#8243;][vc_column_text css=&#8220;&#8220;]Im Alltag von Kindern und Jugendlichen kommt es im Laufe ihrer Entwicklung nicht selten zu Schwierigkeiten und Konflikten, die es zu bew\u00e4ltigen gilt.<\/p>\n<p>Wir sind gl\u00fccklich, dass wir mit unseren Schulsozialp\u00e4dagoginnen und den p\u00e4dagogischen Mitarbeiterinnen sch\u00fclerfreundliche und engagierte Mitarbeiterinnen gefunden haben, die eine gro\u00dfe St\u00fctze f\u00fcr das Schulleben darstellen. Dabei beraten und begleiten sie Sch\u00fclerinnen und Sch\u00fcler, sind ebenso eine Anlaufstelle f\u00fcr Eltern und unterst\u00fctzen die Lehrkr\u00e4fte.<\/p>\n<p>Im Detail stellen sich unsere Mitarbeitinnen auf ihren pers\u00f6nlichen Seiten vor.[\/vc_column_text][vc_row_inner][vc_column_inner width=&#8220;1\/2&#8243;][vc_btn title=&#8220;Schulsozialarbeit Grundschule&#8220; style=&#8220;classic&#8220; shape=&#8220;square&#8220; color=&#8220;success&#8220; link=&#8220;url:https%3A%2F%2Frecursing-goldberg.89-163-214-15.plesk.page%2F%3Fpage_id%3D4159|title:Schulsozialarbeit%20Grundschule||&#8220;][\/vc_column_inner][vc_column_inner width=&#8220;1\/2&#8243;][vc_btn title=&#8220;Schulsozialarbeit Oberschule&#8220; style=&#8220;classic&#8220; shape=&#8220;square&#8220; color=&#8220;success&#8220; link=&#8220;url:https%3A%2F%2Frecursing-goldberg.89-163-214-15.plesk.page%2F%3Fpage_id%3D4299|title:Schulsozialarbeit%20Oberschule||&#8220;][\/vc_column_inner][\/vc_row_inner][\/vc_column][\/vc_row]<\/p>\n<\/div>","protected":false},"excerpt":{"rendered":"<p>[vc_row full_width=&#8220;stretch_row&#8220; css=&#8220;.vc_custom_1548768070130{padding-top: 45px !important;padding-bottom: 40px !important;}&#8220;][vc_column width=&#8220;1\/2&#8243;][vc_single_image image=&#8220;9625&#8243; img_size=&#8220;full&#8220; onclick=&#8220;link_image&#8220; css=&#8220;&#8220;][\/vc_column][vc_column width=&#8220;1\/2&#8243;][vc_column_text css=&#8220;&#8220;]Im Alltag von Kindern und Jugendlichen kommt es im Laufe ihrer Entwicklung nicht selten zu Schwierigkeiten und Konflikten, die es zu bew\u00e4ltigen gilt. Wir sind gl\u00fccklich, dass wir mit unseren Schulsozialp\u00e4dagoginnen und den p\u00e4dagogischen Mitarbeiterinnen sch\u00fclerfreundliche und engagierte Mitarbeiterinnen gefunden haben, die [&hellip;]<\/p>\n","protected":false},"author":5,"featured_media":0,"parent":0,"menu_order":0,"comment_status":"closed","ping_status":"closed","template":"","meta":{"footnotes":""},"class_list":["post-3664","page","type-page","status-publish","hentry"],"_links":{"self":[{"href":"https:\/\/wordpress.ilmer-barg.de\/index.php?rest_route=\/wp\/v2\/pages\/3664","targetHints":{"allow":["GET"]}}],"collection":[{"href":"https:\/\/wordpress.ilmer-barg.de\/index.php?rest_route=\/wp\/v2\/pages"}],"about":[{"href":"https:\/\/wordpress.ilmer-barg.de\/index.php?rest_route=\/wp\/v2\/types\/page"}],"author":[{"embeddable":true,"href":"https:\/\/wordpress.ilmer-barg.de\/index.php?rest_route=\/wp\/v2\/users\/5"}],"replies":[{"embeddable":true,"href":"https:\/\/wordpress.ilmer-barg.de\/index.php?rest_route=%2Fwp%2Fv2%2Fcomments&post=3664"}],"version-history":[{"count":24,"href":"https:\/\/wordpress.ilmer-barg.de\/index.php?rest_route=\/wp\/v2\/pages\/3664\/revisions"}],"predecessor-version":[{"id":9631,"href":"https:\/\/wordpress.ilmer-barg.de\/index.php?rest_route=\/wp\/v2\/pages\/3664\/revisions\/9631"}],"wp:attachment":[{"href":"https:\/\/wordpress.ilmer-barg.de\/index.php?rest_route=%2Fwp%2Fv2%2Fmedia&parent=3664"}],"curies":[{"name":"wp","href":"https:\/\/api.w.org\/{rel}","templated":true}]}}