{"id":19,"date":"2015-11-25T07:32:41","date_gmt":"2015-11-25T07:32:41","guid":{"rendered":"http:\/\/smartyschool.stylemixthemes.com\/?page_id=19"},"modified":"2026-04-30T12:18:05","modified_gmt":"2026-04-30T10:18:05","slug":"home","status":"publish","type":"page","link":"https:\/\/wordpress.ilmer-barg.de\/","title":{"rendered":"Startseite"},"content":{"rendered":"<div class=\"wpb-content-wrapper\"><p>[vc_row][vc_column][stm_spacing sm_spacing=&#8220;200px&#8220; lg_spacing=&#8220;200px&#8220; md_spacing=&#8220;200px&#8220;][rev_slider_vc alias=&#8220;home&#8220;][stm_spacing xs_spacing=&#8220;60px&#8220; sm_spacing=&#8220;60px&#8220;][\/vc_column][\/vc_row][vc_row css=&#8220;.vc_custom_1448890853831{margin-bottom: 80px !important;}&#8220;][vc_column][stm_call_to_action img_position=&#8220;right&#8220; cta_border_color=&#8220;green&#8220; cta_bg_color=&#8220;green&#8220; btn_link=&#8220;url:https%3A%2F%2Fwww.ilmer-barg.de%2Fbeta%2Finfoscreen%2Fvertretung_pupils.php|title:Vertretungsplan|target:%20_blank|&#8220; image_id=&#8220;52&#8243; css=&#8220;.vc_custom_1777499305562{margin-top: -100px !important;border-top-width: 4px !important;border-top-style: solid !important;}&#8220; margin=&#8220;margin-top:15px;margin-bottom:16px;&#8220; btn_enable=&#8220;true&#8220; img_enable=&#8220;true&#8220; btn_custom_style=&#8220;true&#8220; btn_icon_enable=&#8220;true&#8220; img_size=&#8220;100&#215;100&#8243; title=&#8220;Aktueller Vertretungsplan&#8220;]Es kommt leider immer mal vor, dass wir kurzfristig Schulstunden tauschen m\u00fcssen.<br \/>\nHier finden Sie alle aktuellen \u00c4nderungen.[\/stm_call_to_action][\/vc_column][\/vc_row][vc_row][vc_column][\/vc_column][\/vc_row][vc_row][vc_column][vc_row_inner][vc_column_inner width=&#8220;2\/3&#8243;][stm_title title_tag=&#8220;h2&#8243; sep_enable=&#8220;true&#8220; title=&#8220;Anmeldedaten Klasse 5&#8243;][\/stm_title][vc_column_text css=&#8220;&#8220;]<\/p>\n<p data-start=\"173\" data-end=\"248\"><strong data-start=\"173\" data-end=\"194\">\ud83d\udcc5 Pr\u00e4senztermin vor Ort:<\/strong><br data-start=\"194\" data-end=\"197\" \/>Mittwoch, <strong data-start=\"207\" data-end=\"221\">06.05.2026<\/strong><br data-start=\"221\" data-end=\"224\" \/>\ud83d\udd57 <strong data-start=\"227\" data-end=\"248\">08:00 \u2013 15:00 Uhr<\/strong><\/p>\n<p data-start=\"250\" data-end=\"302\"><strong data-start=\"250\" data-end=\"274\">\ud83d\udcbb Online-Anmeldung:<\/strong><br data-start=\"274\" data-end=\"277\" \/>ab <strong data-start=\"280\" data-end=\"302\">Montag, 04.05.2026<\/strong><\/p>\n<p data-start=\"304\" data-end=\"384\">\ud83d\udc49 unter: <a href=\"https:\/\/wordpress.ilmer-barg.de\/?page_id=4338\" target=\"_blank\" rel=\"noopener\"><span class=\"hover:entity-accent entity-underline inline cursor-pointer align-baseline\"><span class=\"whitespace-normal\">www.ilmer-barg.de<\/span><\/span><\/a><br data-start=\"351\" data-end=\"354\" \/><em data-start=\"354\" data-end=\"384\">(Service \u2192 Schulanmeldungen)<\/em><\/p>\n<p>[\/vc_column_text][vc_separator css=&#8220;&#8220;][stm_title title_tag=&#8220;h2&#8243; sep_enable=&#8220;true&#8220; title=&#8220;Anbieterwechsel Ganztag und Betreuung&#8220;][\/stm_title][vc_column_text css=&#8220;&#8220;]Alle wichtigen Informationen zum Anbieterwechsel im Ganztag und in der Betreuung entnehmen Sie bitte dem <strong><a href=\"https:\/\/wordpress.ilmer-barg.de\/wp-content\/uploads\/2026\/04\/DRK-Elternschreiben_Ilmer-Barg-Roydorf-und-Luhdorf_23.04.2026.pdf\" target=\"_blank\" rel=\"noopener\">Elternschreiben<\/a><\/strong>.[\/vc_column_text][vc_single_image image=&#8220;9917&#8243; img_size=&#8220;full&#8220; css=&#8220;&#8220;][vc_separator css=&#8220;&#8220;][\/vc_column_inner][vc_column_inner width=&#8220;1\/3&#8243;][stm_title title_tag=&#8220;h3&#8243; sep_enable=&#8220;true&#8220; title=&#8220;Aktuelle Elternbriefe und Informationen&#8220;][\/stm_title][vc_btn title=&#8220;Info DRK Ganztag&#8220; style=&#8220;classic&#8220; color=&#8220;success&#8220; align=&#8220;center&#8220; css=&#8220;&#8220; button_block=&#8220;true&#8220; link=&#8220;url:https%3A%2F%2Fwordpress.ilmer-barg.de%2Fwp-content%2Fuploads%2F2026%2F04%2FDRK-Elternschreiben_Ilmer-Barg-Roydorf-und-Luhdorf_23.04.2026.pdf|target:_blank&#8220;][vc_btn title=&#8220;Einladung Medienelternabend&#8220; style=&#8220;classic&#8220; color=&#8220;success&#8220; align=&#8220;center&#8220; css=&#8220;&#8220; button_block=&#8220;true&#8220; link=&#8220;url:https%3A%2F%2Frecursing-goldberg.89-163-214-15.plesk.page%2Fwp-content%2Fuploads%2F2026%2F02%2FElternbrief-Medienelternabend-2026-1.pdf|target:_blank&#8220;][vc_btn title=&#8220;Einladung SER&#8220; style=&#8220;classic&#8220; color=&#8220;success&#8220; align=&#8220;center&#8220; css=&#8220;&#8220; button_block=&#8220;true&#8220; link=&#8220;url:https%3A%2F%2Frecursing-goldberg.89-163-214-15.plesk.page%2Fwp-content%2Fuploads%2F2026%2F02%2FSchER-Einladung_2026_02.pdf|target:_blank&#8220;][vc_btn title=&#8220;Sommerbrief Ministerin&#8220; style=&#8220;classic&#8220; color=&#8220;success&#8220; align=&#8220;center&#8220; css=&#8220;&#8220; button_block=&#8220;true&#8220; link=&#8220;url:https%3A%2F%2Frecursing-goldberg.89-163-214-15.plesk.page%2Fwp-content%2Fuploads%2F2025%2F08%2FBrief_der_Ministerin_Schuljahresende_ErziehungsberechtigteSommer2025.pdf|target:_blank&#8220;][vc_btn title=&#8220;Ferientermine Niedersachsen&#8220; style=&#8220;outline-custom&#8220; outline_custom_color=&#8220;#3F840D&#8220; align=&#8220;center&#8220; i_icon_fontawesome=&#8220;fas fa-umbrella-beach&#8220; css=&#8220;&#8220; button_block=&#8220;true&#8220; add_icon=&#8220;true&#8220; link=&#8220;url:https%3A%2F%2Fwww.schulferien.org%2Fdeutschland%2Fferien%2Fniedersachsen%2F%23google_vignette|title:Elternbriefe%202021%2F2022|target:_blank&#8220;][vc_separator][stm_title title_tag=&#8220;h3&#8243; sep_enable=&#8220;true&#8220; title=&#8220;Weiterf\u00fchrende Schulen&#8220;][\/stm_title][vc_column_text css=&#8220;&#8220;]Informationen zu allen weiterf\u00fchrenden Schulen im Landkreis Harburg finden Sie unter dem folgenden Link:[\/vc_column_text][vc_btn title=&#8220;\u00dcbersicht weiterf\u00fchrende Schulen Landkreis Harburg&#8220; style=&#8220;classic&#8220; color=&#8220;success&#8220; align=&#8220;center&#8220; css=&#8220;&#8220; button_block=&#8220;true&#8220; link=&#8220;url:https%3A%2F%2Fnds.edumaps.de%2F40757%2F97864%2Fmlszdy1b0b|target:_blank&#8220;][vc_separator][\/vc_column_inner][\/vc_row_inner][\/vc_column][\/vc_row][vc_row full_width=&#8220;stretch_row&#8220; css=&#8220;.vc_custom_1549455569328{margin-bottom: 0px !important;padding-top: 35px !important;padding-bottom: 108px !important;background-image: url(https:\/\/recursing-goldberg.89-163-214-15.plesk.page\/wp-content\/uploads\/2019\/02\/Slider-Foto-4.jpg?id=3804) !important;}&#8220;][vc_column css=&#8220;.vc_custom_1777499232460{background-color: #509E29 !important;}&#8220;][stm_title title_tag=&#8220;h2&#8243; title_align=&#8220;center&#8220; title_color=&#8220;custom&#8220; sep_color=&#8220;custom&#8220; sep_enable=&#8220;true&#8220; title=&#8220;Highlights&#8220; title_custom_color=&#8220;#ffffff&#8220; title_color_custom=&#8220;#ffffff&#8220; sep_margin_b=&#8220;60px&#8220; sep_color_custom=&#8220;#FFFFFF&#8220;][\/stm_title][\/vc_column][\/vc_row][vc_row full_width=&#8220;stretch_row&#8220; css=&#8220;.vc_custom_1549455526647{margin-top: -60px !important;padding-bottom: 82px !important;background-color: #ffffff !important;}&#8220;][vc_column css=&#8220;.vc_custom_1451025868208{padding-top: 0px !important;}&#8220;][vc_tta_tabs style=&#8220;flat&#8220; shape=&#8220;square&#8220; color=&#8220;blue&#8220; spacing=&#8220;&#8220; alignment=&#8220;center&#8220; active_section=&#8220;1&#8243; no_fill_content_area=&#8220;true&#8220; css=&#8220;.vc_custom_1456382906670{margin-top: -60px !important;}&#8220;][vc_tta_section title=&#8220;Aus dem Schulleben&#8220; tab_id=&#8220;1448978999611-58c38d24-95e3&#8243;][stm_posts posts_category=&#8220;0&#8243; css=&#8220;.vc_custom_1568136788520{margin-bottom: -18px !important;}&#8220; posts_count=&#8220;9&#8243;][vc_row_inner][vc_column_inner width=&#8220;1\/3&#8243; offset=&#8220;vc_col-xs-6&#8243;][stm_link link_color=&#8220;custom&#8220; link_icon_position=&#8220;right&#8220; link_alignment=&#8220;center&#8220; link_icon_enable=&#8220;true&#8220; link=&#8220;url:https%3A%2F%2Frecursing-goldberg.89-163-214-15.plesk.page%2F%3Fpage_id%3D828|title:Grundschulleben||&#8220; link_text=&#8220;Zum Schulleben der Grundschule&#8220;][\/vc_column_inner][vc_column_inner width=&#8220;1\/3&#8243; offset=&#8220;vc_col-xs-6&#8243;][\/vc_column_inner][vc_column_inner width=&#8220;1\/3&#8243;][stm_link link_icon_position=&#8220;right&#8220; link_alignment=&#8220;center&#8220; link_icon_enable=&#8220;true&#8220; link=&#8220;url:https%3A%2F%2Frecursing-goldberg.89-163-214-15.plesk.page%2F%3Fpage_id%3D3745|title:Oberschulleben||&#8220; link_text=&#8220;Zum Schulleben der Oberschule&#8220;][\/vc_column_inner][\/vc_row_inner][\/vc_tta_section][\/vc_tta_tabs][\/vc_column][\/vc_row][vc_row css=&#8220;.vc_custom_1448964580466{margin-bottom: 80px !important;}&#8220;][vc_column width=&#8220;1\/2&#8243; offset=&#8220;vc_col-lg-8 vc_col-md-7 vc_col-xs-12&#8243;][stm_title title_tag=&#8220;h2&#8243; sep_enable=&#8220;true&#8220; title=&#8220;Eine Schule f\u00fcr alle&#8220; title_font=&#8220;text-indent:-3px;&#8220; css=&#8220;.vc_custom_1449644303491{margin-top: 10px !important;margin-bottom: 10px !important;padding-top: 4px !important;padding-right: 5px !important;padding-bottom: 4px !important;padding-left: 5px !important;}&#8220; sep_css=&#8220;margin-bottom:41px;&#8220; sep_margin_b=&#8220;41px&#8220;][\/stm_title][vc_column_text css=&#8220;.vc_custom_1777544268101{margin-bottom: 0px !important;}&#8220;]<\/p>\n<p data-start=\"170\" data-end=\"355\">An unserer Schule sollen sich alle wohlf\u00fchlen \u2013 Sch\u00fclerinnen und Sch\u00fcler, Eltern, Mitarbeitende und Lehrkr\u00e4fte. Wir sch\u00e4tzen Vielfalt und gehen offen und respektvoll miteinander um.<\/p>\n<p>[\/vc_column_text][stm_spacing xs_spacing=&#8220;20px&#8220; lg_spacing=&#8220;34px&#8220; md_spacing=&#8220;34px&#8220; sm_spacing=&#8220;34px&#8220;][stm_spacing xs_spacing=&#8220;45px&#8220;][\/vc_column][vc_column width=&#8220;1\/2&#8243; offset=&#8220;vc_col-lg-4 vc_col-md-5 vc_col-xs-12&#8243;][vc_single_image image=&#8220;4526&#8243; img_size=&#8220;full&#8220; alignment=&#8220;center&#8220; onclick=&#8220;link_image&#8220;][\/vc_column][\/vc_row][vc_row full_width=&#8220;stretch_row&#8220; css=&#8220;.vc_custom_1548763552667{margin-bottom: 0px !important;padding-top: 39px !important;padding-bottom: 67px !important;background-color: #509e29 !important;}&#8220;][vc_column css=&#8220;.vc_custom_1777499364931{background-color: #509E29 !important;}&#8220;][stm_title title_tag=&#8220;h2&#8243; title_align=&#8220;center&#8220; title_color=&#8220;custom&#8220; sep_color=&#8220;custom&#8220; sep_enable=&#8220;true&#8220; title=&#8220;Unsere Schule in Zahlen&#8220; title_color_custom=&#8220;#ffffff&#8220; sep_color_custom=&#8220;#ffffff&#8220;]Ein schneller \u00dcberblick \u00fcber unsere Schule[\/stm_title][vc_row_inner][vc_column_inner width=&#8220;1\/4&#8243;][stm_stats icon_color=&#8220;custom&#8220; count_grouping=&#8220;true&#8220; value=&#8220;650&#8243; desc=&#8220;Sch\u00fclerinnen und Sch\u00fcler&#8220; icon_color_custom=&#8220;#ffffff&#8220; icon_padd_top=&#8220;10px&#8220;][\/vc_column_inner][vc_column_inner width=&#8220;1\/4&#8243;][stm_stats icon_color=&#8220;custom&#8220; count_grouping=&#8220;true&#8220; value=&#8220;70&#8243; desc=&#8220;Kolleginnen und Kollegen&#8220; icon_color_custom=&#8220;#ffffff&#8220;][\/vc_column_inner][vc_column_inner width=&#8220;1\/4&#8243;][stm_stats icon_color=&#8220;custom&#8220; count_grouping=&#8220;true&#8220; value=&#8220;10&#8243; desc=&#8220;F\u00f6rderschullehrer\/innen&#8220; icon_color_custom=&#8220;#ffffff&#8220;][\/vc_column_inner][vc_column_inner width=&#8220;1\/4&#8243;][stm_stats icon_color=&#8220;custom&#8220; count_grouping=&#8220;true&#8220; value=&#8220;3&#8243; desc=&#8220;Schulsozialarbeiterinnen&#8220; icon_color_custom=&#8220;#ffffff&#8220;][\/vc_column_inner][\/vc_row_inner][\/vc_column][\/vc_row][vc_row full_width=&#8220;stretch_row_content_no_spaces&#8220; css=&#8220;.vc_custom_1560243023533{margin-bottom: 0px !important;padding-top: 70px !important;}&#8220;][vc_column][stm_title title_tag=&#8220;h2&#8243; title_align=&#8220;center&#8220; sep_enable=&#8220;true&#8220; title=&#8220;Impressionen aus dem Schulleben&#8220; title_custom_color=&#8220;#ffffff&#8220; sep_css=&#8220;margin-bottom:32px;&#8220;][\/stm_title][stm_gallery][\/vc_column][\/vc_row]<\/p>\n<\/div>","protected":false},"excerpt":{"rendered":"<p>[vc_row][vc_column][stm_spacing sm_spacing=&#8220;200px&#8220; lg_spacing=&#8220;200px&#8220; md_spacing=&#8220;200px&#8220;][rev_slider_vc alias=&#8220;home&#8220;][stm_spacing xs_spacing=&#8220;60px&#8220; sm_spacing=&#8220;60px&#8220;][\/vc_column][\/vc_row][vc_row css=&#8220;.vc_custom_1448890853831{margin-bottom: 80px !important;}&#8220;][vc_column][stm_call_to_action img_position=&#8220;right&#8220; cta_border_color=&#8220;green&#8220; cta_bg_color=&#8220;green&#8220; btn_link=&#8220;url:https%3A%2F%2Fwww.ilmer-barg.de%2Fbeta%2Finfoscreen%2Fvertretung_pupils.php|title:Vertretungsplan|target:%20_blank|&#8220; image_id=&#8220;52&#8243; css=&#8220;.vc_custom_1777499305562{margin-top: -100px !important;border-top-width: 4px !important;border-top-style: solid !important;}&#8220; margin=&#8220;margin-top:15px;margin-bottom:16px;&#8220; btn_enable=&#8220;true&#8220; img_enable=&#8220;true&#8220; btn_custom_style=&#8220;true&#8220; btn_icon_enable=&#8220;true&#8220; img_size=&#8220;100&#215;100&#8243; title=&#8220;Aktueller Vertretungsplan&#8220;]Es kommt leider immer mal vor, dass wir kurzfristig Schulstunden tauschen m\u00fcssen. Hier finden Sie alle aktuellen \u00c4nderungen.[\/stm_call_to_action][\/vc_column][\/vc_row][vc_row][vc_column][\/vc_column][\/vc_row][vc_row][vc_column][vc_row_inner][vc_column_inner width=&#8220;2\/3&#8243;][stm_title title_tag=&#8220;h2&#8243; sep_enable=&#8220;true&#8220; title=&#8220;Anmeldedaten Klasse 5&#8243;][\/stm_title][vc_column_text css=&#8220;&#8220;] \ud83d\udcc5 [&hellip;]<\/p>\n","protected":false},"author":5,"featured_media":0,"parent":0,"menu_order":0,"comment_status":"closed","ping_status":"open","template":"","meta":{"footnotes":""},"class_list":["post-19","page","type-page","status-publish","hentry"],"_links":{"self":[{"href":"https:\/\/wordpress.ilmer-barg.de\/index.php?rest_route=\/wp\/v2\/pages\/19","targetHints":{"allow":["GET"]}}],"collection":[{"href":"https:\/\/wordpress.ilmer-barg.de\/index.php?rest_route=\/wp\/v2\/pages"}],"about":[{"href":"https:\/\/wordpress.ilmer-barg.de\/index.php?rest_route=\/wp\/v2\/types\/page"}],"author":[{"embeddable":true,"href":"https:\/\/wordpress.ilmer-barg.de\/index.php?rest_route=\/wp\/v2\/users\/5"}],"replies":[{"embeddable":true,"href":"https:\/\/wordpress.ilmer-barg.de\/index.php?rest_route=%2Fwp%2Fv2%2Fcomments&post=19"}],"version-history":[{"count":875,"href":"https:\/\/wordpress.ilmer-barg.de\/index.php?rest_route=\/wp\/v2\/pages\/19\/revisions"}],"predecessor-version":[{"id":9921,"href":"https:\/\/wordpress.ilmer-barg.de\/index.php?rest_route=\/wp\/v2\/pages\/19\/revisions\/9921"}],"wp:attachment":[{"href":"https:\/\/wordpress.ilmer-barg.de\/index.php?rest_route=%2Fwp%2Fv2%2Fmedia&parent=19"}],"curies":[{"name":"wp","href":"https:\/\/api.w.org\/{rel}","templated":true}]}}