{"id":1222,"date":"2016-02-12T07:58:51","date_gmt":"2016-02-12T07:58:51","guid":{"rendered":"http:\/\/smartyschool.stylemixthemes.com\/?page_id=1222"},"modified":"2019-05-16T09:03:12","modified_gmt":"2019-05-16T07:03:12","slug":"alumni","status":"publish","type":"page","link":"https:\/\/wordpress.ilmer-barg.de\/?page_id=1222","title":{"rendered":"Unser Schulsong"},"content":{"rendered":"<div class=\"wpb-content-wrapper\"><p>[vc_row full_width=&#8220;stretch_row&#8220; css=&#8220;.vc_custom_1548767773387{padding-top: 80px !important;}&#8220;][vc_column][vc_video link=&#8220;https:\/\/youtu.be\/YBiSiYJOzkg&#8220;][\/vc_column][\/vc_row][vc_row full_width=&#8220;stretch_row&#8220; css=&#8220;.vc_custom_1548767800387{background-color: #ffffff !important;}&#8220;][vc_column width=&#8220;1\/2&#8243; offset=&#8220;vc_col-xs-12&#8243;][vc_column_text]<\/p>\n<p style=\"text-align: center;\"><strong>1.<br \/>\n<\/strong>Wir sind ne Schule f\u00fcr viele \u2013 von klein bis gro\u00df<br \/>\nf\u00fcnf Tage die Woche \u2013 ist hier was los.<br \/>\nHier gibt\u2019s so vieles, was ich gern mag!<br \/>\nLernen macht stark am Ilmer Barg!<\/p>\n<p>[\/vc_column_text][\/vc_column][vc_column width=&#8220;1\/2&#8243;][vc_column_text]<\/p>\n<p style=\"text-align: center;\"><strong>2.<\/strong><br \/>\nIm Sch\u00fclerwarteraum, da sieht man Sch\u00fcler warten,<br \/>\nnur eine liest ein Buch, die andern spielen Karten.<br \/>\nIm Unterricht ist\u00b4s leise \u2013 man glaubt es ja wohl kaum,<br \/>\nder Klassenkasper sitzt heut mal im Trainingsraum.<\/p>\n<p>[\/vc_column_text][\/vc_column][\/vc_row][vc_row full_width=&#8220;stretch_row&#8220;][vc_column width=&#8220;1\/2&#8243; offset=&#8220;vc_col-xs-12&#8243;][vc_column_text]<\/p>\n<p style=\"text-align: center;\"><strong>3.<\/strong><br \/>\nUnd klingelt es zur Pause, dann find ich das nicht doof,<br \/>\ndann lauf ich mit den andern zum Toben auf den Hof.<br \/>\nDen Ruhehof gibt\u2019s auch noch, den finden manche schicker<br \/>\noder du gehst in die Aula und spielst ne Runde Kicker.<\/p>\n<p>[\/vc_column_text][\/vc_column][vc_column width=&#8220;1\/2&#8243;][vc_column_text]<\/p>\n<p style=\"text-align: center;\"><strong>4.<\/strong><br \/>\nHier gibt es manche Dinge, die andre gerne h\u00e4tten,<br \/>\nzum Beispiel unsren Neubau und saubere Toiletten.<br \/>\nEin Nachtw\u00e4chter w\u00e4r\u00b4 prima, der um die Schule rennt<br \/>\nund aufpasst, dass hier nicht wieder die Halle brennt.<\/p>\n<p>[\/vc_column_text][\/vc_column][\/vc_row][vc_row full_width=&#8220;stretch_row&#8220; css=&#8220;.vc_custom_1548765185195{background-color: #ffffff !important;}&#8220;][vc_column width=&#8220;1\/2&#8243; offset=&#8220;vc_col-xs-12&#8243;][vc_column_text]<\/p>\n<p style=\"text-align: center;\"><strong>5.<br \/>\n<\/strong>Zum Krankenzimmer lauf ich, wenn ich ein Pflaster brauch,<br \/>\nein K\u00fchlpack gegen Kopfweh und W\u00e4rme f\u00fcr den Bauch.<br \/>\nJa, sowas gibt\u2019s hier reichlich, nur eins nicht -wie gemein!<br \/>\nDer W-LAN Code f\u00fcr Lehrer ist so streng geheim.<\/p>\n<p>[\/vc_column_text][\/vc_column][vc_column width=&#8220;1\/2&#8243;][vc_column_text]<\/p>\n<p style=\"text-align: center;\"><strong>6.<br \/>\n<\/strong>Am Vormittag die F\u00e4cher, die\u00b4s \u00fcberall so gibt,<br \/>\nam Nachmittag die Sachen, die jeder halt so liebt.<br \/>\nHandwerklich und sportlich, clever und geschickt,<br \/>\nZeig mir mal \u00b4ne Schule,die Fahrradschl\u00e4uche flickt!<\/p>\n<p>[\/vc_column_text][\/vc_column][\/vc_row][vc_row full_width=&#8220;stretch_row&#8220;][vc_column width=&#8220;1\/2&#8243; offset=&#8220;vc_col-xs-12&#8243;][vc_column_text]<\/p>\n<p style=\"text-align: center;\"><strong>7.<br \/>\n<\/strong>Mittags in die Mensa, die Auswahl ist ne gro\u00dfe.<br \/>\nNudeln, vegetarisch mit und ohne So\u00dfe.<br \/>\nNachtisch und ein Wasser, bitte nicht vergessen!<br \/>\nPlatz gibt\u2019s jetzt genug hier \u2013 nun viel Spa\u00df beim Essen!<\/p>\n<p>[\/vc_column_text][\/vc_column][vc_column width=&#8220;1\/2&#8243;][vc_column_text]<\/p>\n<p style=\"text-align: center;\"><strong>8.<br \/>\n<\/strong>Hausschuhklassen, Beamer, Karten laminieren<br \/>\nPfandgeld sich verdienen, Mathe mal kapieren,<br \/>\nStreitschlichtung und Klassenrat, Kunst in der Natur,<br \/>\nalles geht gemeinsam \u2013 das ist Schule pur!<\/p>\n<p>[\/vc_column_text][\/vc_column][\/vc_row][vc_row full_width=&#8220;stretch_row&#8220; css=&#8220;.vc_custom_1548765244807{padding-top: 45px !important;padding-bottom: 20px !important;background-color: #ffffff !important;}&#8220;][vc_column][vc_column_text]<\/p>\n<p style=\"text-align: center;\"><em>Lyrics &amp; Music by Frank Ebeling<\/em><\/p>\n<p>[\/vc_column_text][vc_btn title=&#8220;Schulsong Text als PDF herunterladen&#8220; style=&#8220;classic&#8220; shape=&#8220;square&#8220; color=&#8220;success&#8220; align=&#8220;center&#8220; link=&#8220;url:https%3A%2F%2Frecursing-goldberg.89-163-214-15.plesk.page%2Fwp-content%2Fuploads%2F2019%2F05%2FSchulsong-Text.pdf|||&#8220;][\/vc_column][\/vc_row]<\/p>\n<\/div>","protected":false},"excerpt":{"rendered":"<p>[vc_row full_width=&#8220;stretch_row&#8220; css=&#8220;.vc_custom_1548767773387{padding-top: 80px !important;}&#8220;][vc_column][vc_video link=&#8220;https:\/\/youtu.be\/YBiSiYJOzkg&#8220;][\/vc_column][\/vc_row][vc_row full_width=&#8220;stretch_row&#8220; css=&#8220;.vc_custom_1548767800387{background-color: #ffffff !important;}&#8220;][vc_column width=&#8220;1\/2&#8243; offset=&#8220;vc_col-xs-12&#8243;][vc_column_text] 1. Wir sind ne Schule f\u00fcr viele \u2013 von klein bis gro\u00df f\u00fcnf Tage die Woche \u2013 ist hier was los. Hier gibt\u2019s so vieles, was ich gern mag! Lernen macht stark am Ilmer Barg! [\/vc_column_text][\/vc_column][vc_column width=&#8220;1\/2&#8243;][vc_column_text] 2. Im Sch\u00fclerwarteraum, da sieht man [&hellip;]<\/p>\n","protected":false},"author":5,"featured_media":0,"parent":0,"menu_order":0,"comment_status":"closed","ping_status":"closed","template":"","meta":{"footnotes":""},"class_list":["post-1222","page","type-page","status-publish","hentry"],"_links":{"self":[{"href":"https:\/\/wordpress.ilmer-barg.de\/index.php?rest_route=\/wp\/v2\/pages\/1222","targetHints":{"allow":["GET"]}}],"collection":[{"href":"https:\/\/wordpress.ilmer-barg.de\/index.php?rest_route=\/wp\/v2\/pages"}],"about":[{"href":"https:\/\/wordpress.ilmer-barg.de\/index.php?rest_route=\/wp\/v2\/types\/page"}],"author":[{"embeddable":true,"href":"https:\/\/wordpress.ilmer-barg.de\/index.php?rest_route=\/wp\/v2\/users\/5"}],"replies":[{"embeddable":true,"href":"https:\/\/wordpress.ilmer-barg.de\/index.php?rest_route=%2Fwp%2Fv2%2Fcomments&post=1222"}],"version-history":[{"count":39,"href":"https:\/\/wordpress.ilmer-barg.de\/index.php?rest_route=\/wp\/v2\/pages\/1222\/revisions"}],"predecessor-version":[{"id":4153,"href":"https:\/\/wordpress.ilmer-barg.de\/index.php?rest_route=\/wp\/v2\/pages\/1222\/revisions\/4153"}],"wp:attachment":[{"href":"https:\/\/wordpress.ilmer-barg.de\/index.php?rest_route=%2Fwp%2Fv2%2Fmedia&parent=1222"}],"curies":[{"name":"wp","href":"https:\/\/api.w.org\/{rel}","templated":true}]}}